{"id":1001,"date":"2024-08-14T03:44:23","date_gmt":"2024-08-14T03:44:23","guid":{"rendered":"https:\/\/gramentheme.com\/wp\/xbuild\/?page_id=1001"},"modified":"2025-05-18T10:50:53","modified_gmt":"2025-05-18T10:50:53","slug":"services","status":"publish","type":"page","link":"https:\/\/thepnguyenphat.com\/?page_id=1001","title":{"rendered":"D\u1ecbch V\u1ee5"},"content":{"rendered":"\t\t<div data-elementor-type=\"wp-page\" data-elementor-id=\"1001\" class=\"elementor elementor-1001\" data-elementor-post-type=\"page\">\n\t\t\t\t<div class=\"elementor-element elementor-element-396aa3c e-flex e-con-boxed e-con e-parent\" data-id=\"396aa3c\" data-element_type=\"container\" data-e-type=\"container\">\n\t\t\t\t\t<div class=\"e-con-inner\">\n\t\t\t\t<div class=\"elementor-element elementor-element-4f5c9c7 elementor-widget elementor-widget-konstic-service-grid-widget\" data-id=\"4f5c9c7\" data-element_type=\"widget\" data-e-type=\"widget\" data-widget_type=\"konstic-service-grid-widget.default\">\n\t\t\t\t<div class=\"elementor-widget-container\">\n\t\t\t\t\t\r\n\r\n\t <script>\r\n jQuery(document).ready(function($) {\r\n\r\n\/\/ js code start\r\n\r\nif($(\".service-slider\").length > 0) {\r\n\tconst serviceSlider = new Swiper(\".service-slider\", {\r\n\t\tspaceBetween: 30,\r\n\t\tspeed: 2000,\r\n\t\tloop: true,\r\n\t\tautoplay: {\r\n\t\t\tdelay: 2000,\r\n\t\t\tdisableOnInteraction: false,\r\n\t\t},\r\n\t\tpagination: {\r\n\t\t\tel: \".dot\",\r\n\t\t\tclickable: true,\r\n\t\t},\r\n\t\tnavigation: {\r\n\t\t\tnextEl: \".array-prev\",\r\n\t\t\tprevEl: \".array-next\",\r\n\t\t},\r\n\t\tbreakpoints: {\r\n\t\t\t1399: {\r\n\t\t\t\tslidesPerView: 4,\r\n\t\t\t},\r\n\t\t\t1199: {\r\n\t\t\t\tslidesPerView: 3,\r\n\t\t\t},\r\n\t\t\t991: {\r\n\t\t\t\tslidesPerView: 2,\r\n\t\t\t},\r\n\t\t\t767: {\r\n\t\t\t\tslidesPerView: 2,\r\n\t\t\t},\r\n\t\t\t575: {\r\n\t\t\t\tslidesPerView: 1,\r\n\t\t\t},\r\n\t\t\t0: {\r\n\t\t\t\tslidesPerView: 1,\r\n\t\t\t},\r\n\t\t},\r\n\t});\r\n}\r\n\r\nif($(\".service-slider-2\").length > 0) {\r\n\tconst serviceSlider2 = new Swiper(\".service-slider-2\", {\r\n\t\tspaceBetween: 30,\r\n\t\tspeed: 2000,\r\n\t\tloop: true,\r\n\t\tautoplay: {\r\n\t\t\tdelay: 2000,\r\n\t\t\tdisableOnInteraction: false,\r\n\t\t},\r\n\t\tpagination: {\r\n\t\t\tel: \".service-dot\",\r\n\t\t},\r\n\t\tnavigation: {\r\n\t\t\tprevEl: \".array-prev\",\r\n\t\t\tnextEl: \".array-next\",\r\n\t\t},\r\n\t\tbreakpoints: {\r\n\t\t\t1399: {\r\n\t\t\t\tslidesPerView: 4,\r\n\t\t\t},\r\n\t\t\t1199: {\r\n\t\t\t\tslidesPerView: 3,\r\n\t\t\t},\r\n\t\t\t991: {\r\n\t\t\t\tslidesPerView: 2,\r\n\t\t\t},\r\n\t\t\t767: {\r\n\t\t\t\tslidesPerView: 2,\r\n\t\t\t},\r\n\t\t\t575: {\r\n\t\t\t\tslidesPerView: 1,\r\n\t\t\t},\r\n\t\t\t0: {\r\n\t\t\t\tslidesPerView: 1,\r\n\t\t\t},\r\n\t\t},\r\n\t});\r\n}\r\n\r\n\/\/ js code end \r\n\r\n  });\r\n<\/script>\r\n\t\r\n\r\n\t\t<div class=\"row\">\r\n\t\t\t\t\r\n\t\t\t<div class=\"col-xl-4 col-lg-6 col-md-6 wow fadeInUp\" data-wow-delay=\".3s\">\r\n\t\t\t\t<div class=\"service-box-items items-bg\">\r\n\t\t\t\t\t<div class=\"service-thumb\">\r\n\t\t\t\t\t\t\t\t\t\t\t\t\t<img decoding=\"async\" src=\"https:\/\/thepnguyenphat.com\/wp-content\/uploads\/2025\/05\/6-2.png\" alt=\"\">\r\n\t\t\t\t\t\t\t\t\t\t\t\t<div class=\"icon\">\r\n\t\t\t\t\t\t\t\t\t\t\t\t\t<img decoding=\"async\" src=\"https:\/\/thepnguyenphat.com\/wp-content\/uploads\/2024\/08\/icon-2.png\" alt=\"\">\r\n\t\t\t\t\t\t\t\t\t\t\t\t<\/div>\r\n\t\t\t\t\t<\/div>\r\n\t\t\t\t\t<div class=\"service-content\">\r\n\t\t\t\t\t\t<h2 class=\"number\"><\/h2>\r\n\t\t\t\t\t\t<h3><a href=\"https:\/\/thepnguyenphat.com\/?page_id=3605\">Kh\u1ea3 n\u0103ng cung c\u1ea5p<\/a><\/h3>\r\n\t\t\t\t\t\t<p>\r\n\t\t\t\t\t\t\tCung C\u1ea5p S\u1eaft Th\u00e9p X\u00e2y D\u1ef1ng \u0110a D\u1ea1ng Ch\u1ee7ng Lo\u1ea1i\t\t\t\t\t\t<\/p>\r\n\t\t\t\t\t\t<a href=\"https:\/\/thepnguyenphat.com\/?page_id=3605\" class=\"theme-btn wow fadeInUp\" data-wow-delay=\".3s\">Xem chi ti\u1ebft <i class=\"fa-regular fa-arrow-right\"><\/i><\/a>\r\n\t\t\t\t\t<\/div>\r\n\t\t\t\t<\/div>\r\n\t\t\t<\/div>\r\n\t\t\t\t\r\n\t\t\t<div class=\"col-xl-4 col-lg-6 col-md-6 wow fadeInUp\" data-wow-delay=\".3s\">\r\n\t\t\t\t<div class=\"service-box-items items-bg\">\r\n\t\t\t\t\t<div class=\"service-thumb\">\r\n\t\t\t\t\t\t\t\t\t\t\t\t\t<img decoding=\"async\" src=\"https:\/\/thepnguyenphat.com\/wp-content\/uploads\/2025\/05\/3-5.png\" alt=\"\">\r\n\t\t\t\t\t\t\t\t\t\t\t\t<div class=\"icon\">\r\n\t\t\t\t\t\t\t\t\t\t\t\t\t<img decoding=\"async\" src=\"https:\/\/thepnguyenphat.com\/wp-content\/uploads\/2025\/05\/icons8-gear-machining-apparatus-40-2.png\" alt=\"\">\r\n\t\t\t\t\t\t\t\t\t\t\t\t<\/div>\r\n\t\t\t\t\t<\/div>\r\n\t\t\t\t\t<div class=\"service-content\">\r\n\t\t\t\t\t\t<h2 class=\"number\"><\/h2>\r\n\t\t\t\t\t\t<h3><a href=\"https:\/\/thepnguyenphat.com\/?page_id=3615\">D\u1ecbch V\u1ee5 Gia C\u00f4ng<\/a><\/h3>\r\n\t\t\t\t\t\t<p>\r\n\t\t\t\t\t\t\tD\u1ecbch V\u1ee5 Gia C\u00f4ng S\u1eaft Th\u00e9p Theo Y\u00eau C\u1ea7u Ch\u00ednh X\u00e1c\t\t\t\t\t\t<\/p>\r\n\t\t\t\t\t\t<a href=\"https:\/\/thepnguyenphat.com\/?page_id=3615\" class=\"theme-btn wow fadeInUp\" data-wow-delay=\".3s\">Xem chi ti\u1ebft <i class=\"fa-regular fa-arrow-right\"><\/i><\/a>\r\n\t\t\t\t\t<\/div>\r\n\t\t\t\t<\/div>\r\n\t\t\t<\/div>\r\n\t\t\t\t\r\n\t\t\t<div class=\"col-xl-4 col-lg-6 col-md-6 wow fadeInUp\" data-wow-delay=\".3s\">\r\n\t\t\t\t<div class=\"service-box-items items-bg\">\r\n\t\t\t\t\t<div class=\"service-thumb\">\r\n\t\t\t\t\t\t\t\t\t\t\t\t\t<img decoding=\"async\" src=\"https:\/\/thepnguyenphat.com\/wp-content\/uploads\/2025\/05\/4-5.png\" alt=\"\">\r\n\t\t\t\t\t\t\t\t\t\t\t\t<div class=\"icon\">\r\n\t\t\t\t\t\t\t\t\t\t\t\t\t<img decoding=\"async\" src=\"https:\/\/thepnguyenphat.com\/wp-content\/uploads\/2025\/05\/icons8-technical-support-40-1.png\" alt=\"\">\r\n\t\t\t\t\t\t\t\t\t\t\t\t<\/div>\r\n\t\t\t\t\t<\/div>\r\n\t\t\t\t\t<div class=\"service-content\">\r\n\t\t\t\t\t\t<h2 class=\"number\"><\/h2>\r\n\t\t\t\t\t\t<h3><a href=\"https:\/\/thepnguyenphat.com\/?page_id=3617\">T\u01b0 V\u1ea5n K\u1ef9 Thu\u1eadt<\/a><\/h3>\r\n\t\t\t\t\t\t<p>\r\n\t\t\t\t\t\t\tT\u01b0 V\u1ea5n K\u1ef9 Thu\u1eadt Chuy\u00ean S\u00e2u v\u00e0 Gi\u1ea3i Ph\u00e1p V\u1eadt T\u01b0 T\u1ed1i \u01afu\t\t\t\t\t\t<\/p>\r\n\t\t\t\t\t\t<a href=\"https:\/\/thepnguyenphat.com\/?page_id=3617\" class=\"theme-btn wow fadeInUp\" data-wow-delay=\".3s\">Xem chi ti\u1ebft <i class=\"fa-regular fa-arrow-right\"><\/i><\/a>\r\n\t\t\t\t\t<\/div>\r\n\t\t\t\t<\/div>\r\n\t\t\t<\/div>\r\n\t\t\t\t\r\n\t\t\t<div class=\"col-xl-4 col-lg-6 col-md-6 wow fadeInUp\" data-wow-delay=\".3s\">\r\n\t\t\t\t<div class=\"service-box-items items-bg\">\r\n\t\t\t\t\t<div class=\"service-thumb\">\r\n\t\t\t\t\t\t\t\t\t\t\t\t\t<img decoding=\"async\" src=\"https:\/\/thepnguyenphat.com\/wp-content\/uploads\/2025\/05\/5-5.png\" alt=\"\">\r\n\t\t\t\t\t\t\t\t\t\t\t\t<div class=\"icon\">\r\n\t\t\t\t\t\t\t\t\t\t\t\t\t<img decoding=\"async\" src=\"https:\/\/thepnguyenphat.com\/wp-content\/uploads\/2025\/05\/icons8-delivery-40.png\" alt=\"\">\r\n\t\t\t\t\t\t\t\t\t\t\t\t<\/div>\r\n\t\t\t\t\t<\/div>\r\n\t\t\t\t\t<div class=\"service-content\">\r\n\t\t\t\t\t\t<h2 class=\"number\"><\/h2>\r\n\t\t\t\t\t\t<h3><a href=\"https:\/\/thepnguyenphat.com\/?page_id=3619\">D\u1ecbch V\u1ee5 V\u1eadn Chuy\u1ec3n<\/a><\/h3>\r\n\t\t\t\t\t\t<p>\r\n\t\t\t\t\t\t\tD\u1ecbch V\u1ee5 V\u1eadn Chuy\u1ec3n Nhanh Ch\u00f3ng, An To\u00e0n T\u1eadn C\u00f4ng Tr\u00ecnh\t\t\t\t\t\t<\/p>\r\n\t\t\t\t\t\t<a href=\"https:\/\/thepnguyenphat.com\/?page_id=3619\" class=\"theme-btn wow fadeInUp\" data-wow-delay=\".3s\">Xem chi ti\u1ebft <i class=\"fa-regular fa-arrow-right\"><\/i><\/a>\r\n\t\t\t\t\t<\/div>\r\n\t\t\t\t<\/div>\r\n\t\t\t<\/div>\r\n\t\t\t\t\r\n\t\t\t<div class=\"col-xl-4 col-lg-6 col-md-6 wow fadeInUp\" data-wow-delay=\".3s\">\r\n\t\t\t\t<div class=\"service-box-items items-bg\">\r\n\t\t\t\t\t<div class=\"service-thumb\">\r\n\t\t\t\t\t\t\t\t\t\t\t\t\t<img decoding=\"async\" src=\"https:\/\/thepnguyenphat.com\/wp-content\/uploads\/2025\/05\/1-5.png\" alt=\"\">\r\n\t\t\t\t\t\t\t\t\t\t\t\t<div class=\"icon\">\r\n\t\t\t\t\t\t\t\t\t\t\t\t\t<img decoding=\"async\" src=\"https:\/\/thepnguyenphat.com\/wp-content\/uploads\/2025\/05\/icons8-steel-i-beam-40.png\" alt=\"\">\r\n\t\t\t\t\t\t\t\t\t\t\t\t<\/div>\r\n\t\t\t\t\t<\/div>\r\n\t\t\t\t\t<div class=\"service-content\">\r\n\t\t\t\t\t\t<h2 class=\"number\"><\/h2>\r\n\t\t\t\t\t\t<h3><a href=\"https:\/\/thepnguyenphat.com\/?page_id=3621\">Cung C\u1ea5p Th\u00e9p \u0111\u1eb7c ch\u1ee7ng<\/a><\/h3>\r\n\t\t\t\t\t\t<p>\r\n\t\t\t\t\t\t\tCung C\u1ea5p Th\u00e9p Ch\u1ebf T\u1ea1o M\u00e1y, Khu\u00f4n M\u1eabu v\u00e0 Th\u00e9p \u0110\u1eb7c Ch\u1ee7ng\t\t\t\t\t\t<\/p>\r\n\t\t\t\t\t\t<a href=\"https:\/\/thepnguyenphat.com\/?page_id=3621\" class=\"theme-btn wow fadeInUp\" data-wow-delay=\".3s\">Xem chi ti\u1ebft <i class=\"fa-regular fa-arrow-right\"><\/i><\/a>\r\n\t\t\t\t\t<\/div>\r\n\t\t\t\t<\/div>\r\n\t\t\t<\/div>\r\n\t\t\t\t\r\n\t\t\t<div class=\"col-xl-4 col-lg-6 col-md-6 wow fadeInUp\" data-wow-delay=\".3s\">\r\n\t\t\t\t<div class=\"service-box-items items-bg\">\r\n\t\t\t\t\t<div class=\"service-thumb\">\r\n\t\t\t\t\t\t\t\t\t\t\t\t\t<img decoding=\"async\" src=\"https:\/\/thepnguyenphat.com\/wp-content\/uploads\/2025\/05\/2-5.png\" alt=\"\">\r\n\t\t\t\t\t\t\t\t\t\t\t\t<div class=\"icon\">\r\n\t\t\t\t\t\t\t\t\t\t\t\t\t<img decoding=\"async\" src=\"https:\/\/thepnguyenphat.com\/wp-content\/uploads\/2025\/05\/icons8-coating-40.png\" alt=\"\">\r\n\t\t\t\t\t\t\t\t\t\t\t\t<\/div>\r\n\t\t\t\t\t<\/div>\r\n\t\t\t\t\t<div class=\"service-content\">\r\n\t\t\t\t\t\t<h2 class=\"number\"><\/h2>\r\n\t\t\t\t\t\t<h3><a href=\"https:\/\/thepnguyenphat.com\/?page_id=3623\">D\u1ecbch V\u1ee5 M\u1ea1 K\u1ebdm<\/a><\/h3>\r\n\t\t\t\t\t\t<p>\r\n\t\t\t\t\t\t\tD\u1ecbch V\u1ee5 M\u1ea1 K\u1ebdm Nh\u00fang N\u00f3ng B\u1ea3o V\u1ec7 B\u1ec1 M\u1eb7t T\u1ed1i \u01afu\t\t\t\t\t\t<\/p>\r\n\t\t\t\t\t\t<a href=\"https:\/\/thepnguyenphat.com\/?page_id=3623\" class=\"theme-btn wow fadeInUp\" data-wow-delay=\".3s\">Xem chi ti\u1ebft <i class=\"fa-regular fa-arrow-right\"><\/i><\/a>\r\n\t\t\t\t\t<\/div>\r\n\t\t\t\t<\/div>\r\n\t\t\t<\/div>\r\n\t\t\t\t\t<\/div>\r\n\r\n\t\t\t\r\n\r\n             \r\n\t\t\t\t\t\t<\/div>\n\t\t\t\t<\/div>\n\t\t\t\t\t<\/div>\n\t\t\t\t<\/div>\n\t\t\t\t<\/div>\n\t\t","protected":false},"excerpt":{"rendered":"<p>Kh\u1ea3 n\u0103ng cung c\u1ea5p Cung C\u1ea5p S\u1eaft Th\u00e9p X\u00e2y D\u1ef1ng \u0110a D\u1ea1ng Ch\u1ee7ng Lo\u1ea1i Xem chi ti\u1ebft D\u1ecbch V\u1ee5 Gia C\u00f4ng D\u1ecbch V\u1ee5 Gia C\u00f4ng S\u1eaft Th\u00e9p Theo Y\u00eau C\u1ea7u Ch\u00ednh X\u00e1c Xem chi ti\u1ebft T\u01b0 V\u1ea5n K\u1ef9 Thu\u1eadt T\u01b0 V\u1ea5n K\u1ef9 Thu\u1eadt Chuy\u00ean S\u00e2u v\u00e0 Gi\u1ea3i Ph\u00e1p V\u1eadt T\u01b0 T\u1ed1i \u01afu Xem chi ti\u1ebft<\/p>\n","protected":false},"author":1,"featured_media":0,"parent":0,"menu_order":0,"comment_status":"closed","ping_status":"closed","template":"elementor_header_footer","meta":{"inline_featured_image":false,"footnotes":""},"class_list":["post-1001","page","type-page","status-publish","hentry"],"_links":{"self":[{"href":"https:\/\/thepnguyenphat.com\/index.php?rest_route=\/wp\/v2\/pages\/1001","targetHints":{"allow":["GET"]}}],"collection":[{"href":"https:\/\/thepnguyenphat.com\/index.php?rest_route=\/wp\/v2\/pages"}],"about":[{"href":"https:\/\/thepnguyenphat.com\/index.php?rest_route=\/wp\/v2\/types\/page"}],"author":[{"embeddable":true,"href":"https:\/\/thepnguyenphat.com\/index.php?rest_route=\/wp\/v2\/users\/1"}],"replies":[{"embeddable":true,"href":"https:\/\/thepnguyenphat.com\/index.php?rest_route=%2Fwp%2Fv2%2Fcomments&post=1001"}],"version-history":[{"count":61,"href":"https:\/\/thepnguyenphat.com\/index.php?rest_route=\/wp\/v2\/pages\/1001\/revisions"}],"predecessor-version":[{"id":3636,"href":"https:\/\/thepnguyenphat.com\/index.php?rest_route=\/wp\/v2\/pages\/1001\/revisions\/3636"}],"wp:attachment":[{"href":"https:\/\/thepnguyenphat.com\/index.php?rest_route=%2Fwp%2Fv2%2Fmedia&parent=1001"}],"curies":[{"name":"wp","href":"https:\/\/api.w.org\/{rel}","templated":true}]}}