{"id":705,"date":"2024-08-13T00:21:55","date_gmt":"2024-08-13T00:21:55","guid":{"rendered":"https:\/\/gramentheme.com\/wp\/xbuild\/?page_id=705"},"modified":"2025-05-18T17:27:30","modified_gmt":"2025-05-18T17:27:30","slug":"blog-grid","status":"publish","type":"page","link":"https:\/\/thepnguyenphat.com\/?page_id=705","title":{"rendered":"Tin T\u1ee9c"},"content":{"rendered":"\t\t<div data-elementor-type=\"wp-page\" data-elementor-id=\"705\" class=\"elementor elementor-705\" data-elementor-post-type=\"page\">\n\t\t\t\t<div class=\"elementor-element elementor-element-8d71622 e-flex e-con-boxed e-con e-parent\" data-id=\"8d71622\" data-element_type=\"container\" data-e-type=\"container\">\n\t\t\t\t\t<div class=\"e-con-inner\">\n\t\t\t\t<div class=\"elementor-element elementor-element-c6b9282 elementor-widget elementor-widget-konstic-blog-post-widget\" data-id=\"c6b9282\" data-element_type=\"widget\" data-e-type=\"widget\" data-widget_type=\"konstic-blog-post-widget.default\">\n\t\t\t\t<div class=\"elementor-widget-container\">\n\t\t\t\t\t\r\n        \r\n        \r\n            <div class=\"row\">\r\n                 \r\n                <div class=\"col-lg-4 col-md-6\">\r\n                    <div class=\"news-box-items\">\r\n                                                <div class=\"news-image\">\r\n                            <img decoding=\"async\" src=\"https:\/\/thepnguyenphat.com\/wp-content\/uploads\/2025\/05\/9-4.png\" alt=\"\">\r\n                            <img decoding=\"async\" src=\"https:\/\/thepnguyenphat.com\/wp-content\/uploads\/2025\/05\/9-4.png\" alt=\"\">\r\n                        <\/div>\r\n                                                <div class=\"news-content\">\r\n                            <ul class=\"post-list\">\r\n                            \r\n                                                                <li>\r\n                                    <i class=\"fa-solid fa-folder-open me-2\"><\/i> \r\n                                    <a href=\"https:\/\/thepnguyenphat.com\/?cat=49\">Ki\u1ebfn Th\u1ee9c Ng\u00e0nh Th\u00e9p<\/a>                       \r\n                                <\/li>\r\n                                                                                            <\/ul>\r\n                            <h4>\r\n                                <a href=\"https:\/\/thepnguyenphat.com\/?p=3820\">C\u00e1ch ph\u00e2n bi\u1ec7t s\u1eaft v\u00e0 th\u00e9p \u0111\u01a1n gi\u1ea3n qua m\u1eb9o nh\u1ecf<\/a>\r\n                            <\/h4>\r\n                            <div class=\"author-items\">\r\n                                <div class=\"author-info\">\r\n                                    <img decoding=\"async\" src=\"https:\/\/secure.gravatar.com\/avatar\/2e3a8d8fe0b7f7ff928493d7d51cc4bd2fbbf41ef46f58a55580892738dd972c?s=96&#038;d=mm&#038;r=g\" alt=\"nps\" \/>                                    <div class=\"content\">\r\n                                        <h6>Posted By<\/h6>\r\n                                        <p>nps<\/p>\r\n                                    <\/div>\r\n                                <\/div>\r\n                                <a href=\"https:\/\/thepnguyenphat.com\/?p=3820\" class=\"link-btn\">Xem Th\u00eam <i class=\"fa-solid fa-arrow-right\"><\/i><\/a>\r\n                            <\/div>\r\n                        <\/div>\r\n                    <\/div>\r\n                <\/div>\r\n                 \r\n                <div class=\"col-lg-4 col-md-6\">\r\n                    <div class=\"news-box-items\">\r\n                                                <div class=\"news-image\">\r\n                            <img decoding=\"async\" src=\"https:\/\/thepnguyenphat.com\/wp-content\/uploads\/2025\/05\/8-5.png\" alt=\"\">\r\n                            <img decoding=\"async\" src=\"https:\/\/thepnguyenphat.com\/wp-content\/uploads\/2025\/05\/8-5.png\" alt=\"\">\r\n                        <\/div>\r\n                                                <div class=\"news-content\">\r\n                            <ul class=\"post-list\">\r\n                            \r\n                                                                <li>\r\n                                    <i class=\"fa-solid fa-folder-open me-2\"><\/i> \r\n                                    <a href=\"https:\/\/thepnguyenphat.com\/?cat=96\">B\u1ea3o tr\u00ec &amp; b\u1ea3o d\u01b0\u1ee1ng<\/a>                       \r\n                                <\/li>\r\n                                                                                            <\/ul>\r\n                            <h4>\r\n                                <a href=\"https:\/\/thepnguyenphat.com\/?p=3804\">Th\u00e9p g\u1ec9 s\u00e9t c\u00f3 \u1ea3nh h\u01b0\u1edfng g\u00ec kh\u00f4ng? C\u00e1ch b\u1ea3o qu\u1ea3n th\u00e9p \u0111\u00fang c\u00e1ch<\/a>\r\n                            <\/h4>\r\n                            <div class=\"author-items\">\r\n                                <div class=\"author-info\">\r\n                                    <img decoding=\"async\" src=\"https:\/\/secure.gravatar.com\/avatar\/2e3a8d8fe0b7f7ff928493d7d51cc4bd2fbbf41ef46f58a55580892738dd972c?s=96&#038;d=mm&#038;r=g\" alt=\"nps\" \/>                                    <div class=\"content\">\r\n                                        <h6>Posted By<\/h6>\r\n                                        <p>nps<\/p>\r\n                                    <\/div>\r\n                                <\/div>\r\n                                <a href=\"https:\/\/thepnguyenphat.com\/?p=3804\" class=\"link-btn\">Xem Th\u00eam <i class=\"fa-solid fa-arrow-right\"><\/i><\/a>\r\n                            <\/div>\r\n                        <\/div>\r\n                    <\/div>\r\n                <\/div>\r\n                 \r\n                <div class=\"col-lg-4 col-md-6\">\r\n                    <div class=\"news-box-items\">\r\n                                                <div class=\"news-image\">\r\n                            <img decoding=\"async\" src=\"https:\/\/thepnguyenphat.com\/wp-content\/uploads\/2025\/05\/7-5.png\" alt=\"\">\r\n                            <img decoding=\"async\" src=\"https:\/\/thepnguyenphat.com\/wp-content\/uploads\/2025\/05\/7-5.png\" alt=\"\">\r\n                        <\/div>\r\n                                                <div class=\"news-content\">\r\n                            <ul class=\"post-list\">\r\n                            \r\n                                                                <li>\r\n                                    <i class=\"fa-solid fa-folder-open me-2\"><\/i> \r\n                                    <a href=\"https:\/\/thepnguyenphat.com\/?cat=49\">Ki\u1ebfn Th\u1ee9c Ng\u00e0nh Th\u00e9p<\/a>                       \r\n                                <\/li>\r\n                                                                                            <\/ul>\r\n                            <h4>\r\n                                <a href=\"https:\/\/thepnguyenphat.com\/?p=3760\">Th\u00e9p x\u00e2y d\u1ef1ng l\u00e0 g\u00ec? C\u00f4ng d\u1ee5ng c\u1ee7a th\u00e9p trong x\u00e2y d\u1ef1ng<\/a>\r\n                            <\/h4>\r\n                            <div class=\"author-items\">\r\n                                <div class=\"author-info\">\r\n                                    <img decoding=\"async\" src=\"https:\/\/secure.gravatar.com\/avatar\/2e3a8d8fe0b7f7ff928493d7d51cc4bd2fbbf41ef46f58a55580892738dd972c?s=96&#038;d=mm&#038;r=g\" alt=\"nps\" \/>                                    <div class=\"content\">\r\n                                        <h6>Posted By<\/h6>\r\n                                        <p>nps<\/p>\r\n                                    <\/div>\r\n                                <\/div>\r\n                                <a href=\"https:\/\/thepnguyenphat.com\/?p=3760\" class=\"link-btn\">Xem Th\u00eam <i class=\"fa-solid fa-arrow-right\"><\/i><\/a>\r\n                            <\/div>\r\n                        <\/div>\r\n                    <\/div>\r\n                <\/div>\r\n                 \r\n                <div class=\"col-lg-4 col-md-6\">\r\n                    <div class=\"news-box-items\">\r\n                                                <div class=\"news-image\">\r\n                            <img decoding=\"async\" src=\"https:\/\/thepnguyenphat.com\/wp-content\/uploads\/2025\/05\/5-6.png\" alt=\"\">\r\n                            <img decoding=\"async\" src=\"https:\/\/thepnguyenphat.com\/wp-content\/uploads\/2025\/05\/5-6.png\" alt=\"\">\r\n                        <\/div>\r\n                                                <div class=\"news-content\">\r\n                            <ul class=\"post-list\">\r\n                            \r\n                                                                <li>\r\n                                    <i class=\"fa-solid fa-folder-open me-2\"><\/i> \r\n                                    <a href=\"https:\/\/thepnguyenphat.com\/?cat=49\">Ki\u1ebfn Th\u1ee9c Ng\u00e0nh Th\u00e9p<\/a>                       \r\n                                <\/li>\r\n                                                                                            <\/ul>\r\n                            <h4>\r\n                                <a href=\"https:\/\/thepnguyenphat.com\/?p=2772\">Th\u00e9p h\u1ed9p l\u00e0 g\u00ec ? Th\u00e9p h\u1ed9p d\u00f9ng \u0111\u1ec3 l\u00e0m g\u00ec ?<\/a>\r\n                            <\/h4>\r\n                            <div class=\"author-items\">\r\n                                <div class=\"author-info\">\r\n                                    <img decoding=\"async\" src=\"https:\/\/secure.gravatar.com\/avatar\/2e3a8d8fe0b7f7ff928493d7d51cc4bd2fbbf41ef46f58a55580892738dd972c?s=96&#038;d=mm&#038;r=g\" alt=\"nps\" \/>                                    <div class=\"content\">\r\n                                        <h6>Posted By<\/h6>\r\n                                        <p>nps<\/p>\r\n                                    <\/div>\r\n                                <\/div>\r\n                                <a href=\"https:\/\/thepnguyenphat.com\/?p=2772\" class=\"link-btn\">Xem Th\u00eam <i class=\"fa-solid fa-arrow-right\"><\/i><\/a>\r\n                            <\/div>\r\n                        <\/div>\r\n                    <\/div>\r\n                <\/div>\r\n                 \r\n                <div class=\"col-lg-4 col-md-6\">\r\n                    <div class=\"news-box-items\">\r\n                                                <div class=\"news-image\">\r\n                            <img decoding=\"async\" src=\"https:\/\/thepnguyenphat.com\/wp-content\/uploads\/2025\/05\/Avata-bai-viet.png\" alt=\"\">\r\n                            <img decoding=\"async\" src=\"https:\/\/thepnguyenphat.com\/wp-content\/uploads\/2025\/05\/Avata-bai-viet.png\" alt=\"\">\r\n                        <\/div>\r\n                                                <div class=\"news-content\">\r\n                            <ul class=\"post-list\">\r\n                            \r\n                                                                <li>\r\n                                    <i class=\"fa-solid fa-folder-open me-2\"><\/i> \r\n                                    <a href=\"https:\/\/thepnguyenphat.com\/?cat=49\">Ki\u1ebfn Th\u1ee9c Ng\u00e0nh Th\u00e9p<\/a>                       \r\n                                <\/li>\r\n                                                                                            <\/ul>\r\n                            <h4>\r\n                                <a href=\"https:\/\/thepnguyenphat.com\/?p=2758\">Th\u00e9p h\u00ecnh l\u00e0 g\u00ec? Quy tr\u00ecnh s\u1ea3n xu\u1ea5t th\u00e9p h\u00ecnh th\u1ebf n\u00e0o? \u1ee8ng d\u1ee5ng ra sao?<\/a>\r\n                            <\/h4>\r\n                            <div class=\"author-items\">\r\n                                <div class=\"author-info\">\r\n                                    <img decoding=\"async\" src=\"https:\/\/secure.gravatar.com\/avatar\/2e3a8d8fe0b7f7ff928493d7d51cc4bd2fbbf41ef46f58a55580892738dd972c?s=96&#038;d=mm&#038;r=g\" alt=\"nps\" \/>                                    <div class=\"content\">\r\n                                        <h6>Posted By<\/h6>\r\n                                        <p>nps<\/p>\r\n                                    <\/div>\r\n                                <\/div>\r\n                                <a href=\"https:\/\/thepnguyenphat.com\/?p=2758\" class=\"link-btn\">Xem Th\u00eam <i class=\"fa-solid fa-arrow-right\"><\/i><\/a>\r\n                            <\/div>\r\n                        <\/div>\r\n                    <\/div>\r\n                <\/div>\r\n                 \r\n                <div class=\"col-lg-4 col-md-6\">\r\n                    <div class=\"news-box-items\">\r\n                                                <div class=\"news-image\">\r\n                            <img decoding=\"async\" src=\"https:\/\/thepnguyenphat.com\/wp-content\/uploads\/2025\/05\/1-6.png\" alt=\"\">\r\n                            <img decoding=\"async\" src=\"https:\/\/thepnguyenphat.com\/wp-content\/uploads\/2025\/05\/1-6.png\" alt=\"\">\r\n                        <\/div>\r\n                                                <div class=\"news-content\">\r\n                            <ul class=\"post-list\">\r\n                            \r\n                                                                <li>\r\n                                    <i class=\"fa-solid fa-folder-open me-2\"><\/i> \r\n                                    <a href=\"https:\/\/thepnguyenphat.com\/?cat=49\">Ki\u1ebfn Th\u1ee9c Ng\u00e0nh Th\u00e9p<\/a>                       \r\n                                <\/li>\r\n                                                                                            <\/ul>\r\n                            <h4>\r\n                                <a href=\"https:\/\/thepnguyenphat.com\/?p=2752\">Th\u00e9p t\u1ea5m c\u00f3 nh\u1eefng lo\u1ea1i n\u00e0o v\u00e0 ti\u00eau chu\u1ea9n n\u00e0o?<\/a>\r\n                            <\/h4>\r\n                            <div class=\"author-items\">\r\n                                <div class=\"author-info\">\r\n                                    <img decoding=\"async\" src=\"https:\/\/secure.gravatar.com\/avatar\/2e3a8d8fe0b7f7ff928493d7d51cc4bd2fbbf41ef46f58a55580892738dd972c?s=96&#038;d=mm&#038;r=g\" alt=\"nps\" \/>                                    <div class=\"content\">\r\n                                        <h6>Posted By<\/h6>\r\n                                        <p>nps<\/p>\r\n                                    <\/div>\r\n                                <\/div>\r\n                                <a href=\"https:\/\/thepnguyenphat.com\/?p=2752\" class=\"link-btn\">Xem Th\u00eam <i class=\"fa-solid fa-arrow-right\"><\/i><\/a>\r\n                            <\/div>\r\n                        <\/div>\r\n                    <\/div>\r\n                <\/div>\r\n                                                    <div class=\"col-lg-12\">\r\n                        <div class=\"blog-pagination text-start margin-top-20\">\r\n                            \r\n                                <div class=\"blog-pagination margin-top-30\"><ul><li><span class=\"page-numbers current\">1<\/span><\/li><li><a class=\"page-numbers\" href=\"https:\/\/thepnguyenphat.com\/index.php?paged=2\">2<\/a><\/li><li><a class=\"next page-numbers\" href=\"https:\/\/thepnguyenphat.com\/index.php?paged=2\"><i class=\"fa fa-arrow-right\"><\/i><\/a><\/li><\/ul><\/div>\r\n                        <\/div>\r\n                    <\/div>\r\n                            <\/div>\r\n\r\n        \t\r\n\r\n        \t\t\t\t<\/div>\n\t\t\t\t<\/div>\n\t\t\t\t\t<\/div>\n\t\t\t\t<\/div>\n\t\t\t\t<\/div>\n\t\t","protected":false},"excerpt":{"rendered":"<p>Ki\u1ebfn Th\u1ee9c Ng\u00e0nh Th\u00e9p Th\u00e9p x\u00e2y d\u1ef1ng l\u00e0 g\u00ec? C\u00f4ng d\u1ee5ng c\u1ee7a th\u00e9p trong x\u00e2y d\u1ef1ng Posted By nps Xem Th\u00eam Ki\u1ebfn Th\u1ee9c Ng\u00e0nh Th\u00e9p Th\u00e9p h\u1ed9p l\u00e0 g\u00ec ? Th\u00e9p h\u1ed9p d\u00f9ng \u0111\u1ec3 l\u00e0m g\u00ec ? Posted By nps Xem Th\u00eam Ki\u1ebfn Th\u1ee9c Ng\u00e0nh Th\u00e9p Th\u00e9p h\u00ecnh l\u00e0 g\u00ec? Quy tr\u00ecnh s\u1ea3n xu\u1ea5t th\u00e9p<\/p>\n","protected":false},"author":1,"featured_media":0,"parent":0,"menu_order":0,"comment_status":"closed","ping_status":"closed","template":"elementor_header_footer","meta":{"inline_featured_image":false,"footnotes":""},"class_list":["post-705","page","type-page","status-publish","hentry"],"_links":{"self":[{"href":"https:\/\/thepnguyenphat.com\/index.php?rest_route=\/wp\/v2\/pages\/705","targetHints":{"allow":["GET"]}}],"collection":[{"href":"https:\/\/thepnguyenphat.com\/index.php?rest_route=\/wp\/v2\/pages"}],"about":[{"href":"https:\/\/thepnguyenphat.com\/index.php?rest_route=\/wp\/v2\/types\/page"}],"author":[{"embeddable":true,"href":"https:\/\/thepnguyenphat.com\/index.php?rest_route=\/wp\/v2\/users\/1"}],"replies":[{"embeddable":true,"href":"https:\/\/thepnguyenphat.com\/index.php?rest_route=%2Fwp%2Fv2%2Fcomments&post=705"}],"version-history":[{"count":54,"href":"https:\/\/thepnguyenphat.com\/index.php?rest_route=\/wp\/v2\/pages\/705\/revisions"}],"predecessor-version":[{"id":3803,"href":"https:\/\/thepnguyenphat.com\/index.php?rest_route=\/wp\/v2\/pages\/705\/revisions\/3803"}],"wp:attachment":[{"href":"https:\/\/thepnguyenphat.com\/index.php?rest_route=%2Fwp%2Fv2%2Fmedia&parent=705"}],"curies":[{"name":"wp","href":"https:\/\/api.w.org\/{rel}","templated":true}]}}