{"id":2235,"date":"2025-05-11T12:21:12","date_gmt":"2025-05-11T12:21:12","guid":{"rendered":"http:\/\/thepnguyenphat.com\/nps\/wordpress\/?post_type=product&#038;p=2235"},"modified":"2025-05-12T15:02:05","modified_gmt":"2025-05-12T15:02:05","slug":"thep-hop-den","status":"publish","type":"product","link":"https:\/\/thepnguyenphat.com\/?product=thep-hop-den","title":{"rendered":"Th\u00e9p h\u1ed9p \u0111en"},"content":{"rendered":"<h3 class=\"\" data-start=\"209\" data-end=\"234\"><strong data-start=\"213\" data-end=\"234\">1. M\u00f4 t\u1ea3 s\u1ea3n ph\u1ea9m<\/strong><\/h3>\n<p class=\"\" data-start=\"236\" data-end=\"512\">Th\u00e9p h\u1ed9p \u0111en l\u00e0 lo\u1ea1i th\u00e9p h\u1ed9p (vu\u00f4ng ho\u1eb7c ch\u1eef nh\u1eadt) <strong data-start=\"288\" data-end=\"313\">ch\u01b0a qua x\u1eed l\u00fd m\u1ea1 k\u1ebdm<\/strong>, c\u00f3 m\u00e0u \u0111en x\u00e1m t\u1ef1 nhi\u00ean t\u1eeb qu\u00e1 tr\u00ecnh c\u00e1n n\u00f3ng. S\u1ea3n ph\u1ea9m \u0111\u01b0\u1ee3c s\u1eed d\u1ee5ng r\u1ed9ng r\u00e3i trong x\u00e2y d\u1ef1ng, c\u01a1 kh\u00ed, trang tr\u00ed n\u1ed9i th\u1ea5t v\u00e0 nhi\u1ec1u l\u0129nh v\u1ef1c kh\u00e1c nh\u1edd gi\u00e1 th\u00e0nh th\u1ea5p, d\u1ec5 gia c\u00f4ng v\u00e0 k\u1ebft c\u1ea5u ch\u1eafc ch\u1eafn.<\/p>\n<h3 class=\"\" data-start=\"519\" data-end=\"545\"><strong data-start=\"523\" data-end=\"545\">2. \u01afu \u0111i\u1ec3m n\u1ed5i b\u1eadt<\/strong><\/h3>\n<ul data-start=\"547\" data-end=\"728\">\n<li class=\"\" data-start=\"547\" data-end=\"590\">\n<p class=\"\" data-start=\"549\" data-end=\"590\"><strong data-start=\"549\" data-end=\"588\">Gi\u00e1 th\u00e0nh r\u1ebb h\u01a1n so v\u1edbi th\u00e9p m\u1ea1 k\u1ebdm<\/strong><\/p>\n<\/li>\n<li class=\"\" data-start=\"591\" data-end=\"628\">\n<p class=\"\" data-start=\"593\" data-end=\"628\"><strong data-start=\"593\" data-end=\"626\">Ch\u1ecbu l\u1ef1c t\u1ed1t, k\u1ebft c\u1ea5u \u1ed5n \u0111\u1ecbnh<\/strong><\/p>\n<\/li>\n<li class=\"\" data-start=\"629\" data-end=\"673\">\n<p class=\"\" data-start=\"631\" data-end=\"673\"><strong data-start=\"631\" data-end=\"671\">D\u1ec5 c\u1eaft, khoan, h\u00e0n, s\u01a1n ph\u1ee7 ch\u1ed1ng g\u1ec9<\/strong><\/p>\n<\/li>\n<li class=\"\" data-start=\"674\" data-end=\"728\">\n<p class=\"\" data-start=\"676\" data-end=\"728\"><strong data-start=\"676\" data-end=\"728\">Ph\u00f9 h\u1ee3p c\u00f4ng tr\u00ecnh trong nh\u00e0 ho\u1eb7c \u0111\u01b0\u1ee3c b\u1ea3o v\u1ec7 k\u1ef9<\/strong><\/p>\n<\/li>\n<\/ul>\n<h3 class=\"\" data-start=\"735\" data-end=\"762\"><strong data-start=\"739\" data-end=\"762\">3. \u1ee8ng d\u1ee5ng th\u1ef1c t\u1ebf<\/strong><\/h3>\n<ul data-start=\"764\" data-end=\"986\">\n<li class=\"\" data-start=\"764\" data-end=\"815\">\n<p class=\"\" data-start=\"766\" data-end=\"815\">Khung s\u1eaft, b\u00e0n gh\u1ebf, lan can, h\u00e0ng r\u00e0o trong nh\u00e0<\/p>\n<\/li>\n<li class=\"\" data-start=\"816\" data-end=\"855\">\n<p class=\"\" data-start=\"818\" data-end=\"855\">K\u1ebft c\u1ea5u c\u01a1 kh\u00ed, khung k\u1ec7, thang c\u00e1p<\/p>\n<\/li>\n<li class=\"\" data-start=\"856\" data-end=\"898\">\n<p class=\"\" data-start=\"858\" data-end=\"898\">L\u00e0m gi\u00e0n gi\u00e1o, khung m\u00e1i t\u00f4n, c\u1ed5ng r\u00e0o<\/p>\n<\/li>\n<li class=\"\" data-start=\"899\" data-end=\"943\">\n<p class=\"\" data-start=\"901\" data-end=\"943\">S\u1ea3n xu\u1ea5t thi\u1ebft b\u1ecb d\u00e2n d\u1ee5ng, khung xe \u0111\u1ea9y<\/p>\n<\/li>\n<li class=\"\" data-start=\"944\" data-end=\"986\">\n<p class=\"\" data-start=\"946\" data-end=\"986\">Gia c\u00f4ng \u0111\u1ed3 n\u1ed9i th\u1ea5t, trang tr\u00ed, c\u1eeda s\u1eaft<\/p>\n<\/li>\n<\/ul>\n<h3 class=\"\" data-start=\"993\" data-end=\"1043\"><strong data-start=\"997\" data-end=\"1043\">4. B\u1ea3ng quy c\u00e1ch ph\u1ed5 bi\u1ebfn c\u1ee7a Th\u00e9p H\u1ed9p \u0110en<\/strong><\/h3>\n<div class=\"_tableContainer_16hzy_1\">\n<div class=\"_tableWrapper_16hzy_14 group flex w-fit flex-col-reverse\" tabindex=\"-1\">\n<table class=\"w-fit min-w-(--thread-content-width)\" style=\"border: 2px solid black; border-collapse: collapse;\">\n<thead>\n<tr>\n<th style=\"border: 1px solid black;\">K\u00edch th\u01b0\u1edbc (mm)<\/th>\n<th style=\"border: 1px solid black;\">\u0110\u1ed9 d\u00e0y (mm)<\/th>\n<th style=\"border: 1px solid black;\">Lo\u1ea1i h\u1ed9p<\/th>\n<th style=\"border: 1px solid black;\">Tr\u1ecdng l\u01b0\u1ee3ng (kg\/m)<\/th>\n<th style=\"border: 1px solid black;\">D\u00e0i ti\u00eau chu\u1ea9n<\/th>\n<\/tr>\n<\/thead>\n<tbody>\n<tr>\n<td style=\"border: 1px solid black;\">20 x 20<\/td>\n<td style=\"border: 1px solid black;\">0.8 \u2013 1.5<\/td>\n<td style=\"border: 1px solid black;\">Vu\u00f4ng<\/td>\n<td style=\"border: 1px solid black;\">~0.62 \u2013 1.15<\/td>\n<td style=\"border: 1px solid black;\">6m<\/td>\n<\/tr>\n<tr>\n<td style=\"border: 1px solid black;\">40 x 40<\/td>\n<td style=\"border: 1px solid black;\">1.2 \u2013 3.0<\/td>\n<td style=\"border: 1px solid black;\">Vu\u00f4ng<\/td>\n<td style=\"border: 1px solid black;\">~1.65 \u2013 4.05<\/td>\n<td style=\"border: 1px solid black;\">6m<\/td>\n<\/tr>\n<tr>\n<td style=\"border: 1px solid black;\">50 x 50<\/td>\n<td style=\"border: 1px solid black;\">1.4 \u2013 4.0<\/td>\n<td style=\"border: 1px solid black;\">Vu\u00f4ng<\/td>\n<td style=\"border: 1px solid black;\">~2.35 \u2013 6.25<\/td>\n<td style=\"border: 1px solid black;\">6m<\/td>\n<\/tr>\n<tr>\n<td style=\"border: 1px solid black;\">30 x 60<\/td>\n<td style=\"border: 1px solid black;\">1.2 \u2013 2.5<\/td>\n<td style=\"border: 1px solid black;\">Ch\u1eef nh\u1eadt<\/td>\n<td style=\"border: 1px solid black;\">~2.15 \u2013 4.50<\/td>\n<td style=\"border: 1px solid black;\">6m<\/td>\n<\/tr>\n<tr>\n<td style=\"border: 1px solid black;\">50 x 100<\/td>\n<td style=\"border: 1px solid black;\">2.0 \u2013 4.5<\/td>\n<td style=\"border: 1px solid black;\">Ch\u1eef nh\u1eadt<\/td>\n<td style=\"border: 1px solid black;\">~5.50 \u2013 11.8<\/td>\n<td style=\"border: 1px solid black;\">6m<\/td>\n<\/tr>\n<tr>\n<td style=\"border: 1px solid black;\">60 x 120<\/td>\n<td style=\"border: 1px solid black;\">3.0 \u2013 6.0<\/td>\n<td style=\"border: 1px solid black;\">Ch\u1eef nh\u1eadt<\/td>\n<td style=\"border: 1px solid black;\">~8.80 \u2013 16.5<\/td>\n<td style=\"border: 1px solid black;\">6m<\/td>\n<\/tr>\n<\/tbody>\n<\/table>\n<\/div>\n<\/div>\n<blockquote data-start=\"1739\" data-end=\"1846\">\n<p class=\"\" data-start=\"1741\" data-end=\"1846\">\ud83d\udccc C\u00f3 th\u1ec3 s\u01a1n ch\u1ed1ng g\u1ec9 ho\u1eb7c m\u1ea1 k\u1ebdm sau theo y\u00eau c\u1ea7u.<br data-start=\"1793\" data-end=\"1796\" \/>\ud83d\udccc Nh\u1eadn gia c\u00f4ng c\u1eaft l\u1ebb, khoan l\u1ed7, h\u00e0n b\u1ea3n m\u00e3&#8230;<\/p>\n<\/blockquote>\n<h3 class=\"\" data-start=\"1853\" data-end=\"1895\"><strong data-start=\"1857\" data-end=\"1895\">5. Ti\u00eau chu\u1ea9n \u2013 M\u00e1c th\u00e9p \u2013 Xu\u1ea5t x\u1ee9<\/strong><\/h3>\n<ul data-start=\"1897\" data-end=\"2066\">\n<li class=\"\" data-start=\"1897\" data-end=\"1943\">\n<p class=\"\" data-start=\"1899\" data-end=\"1943\"><strong data-start=\"1899\" data-end=\"1914\">Ti\u00eau chu\u1ea9n:<\/strong> JIS G3466, ASTM A500, TCVN<\/p>\n<\/li>\n<li class=\"\" data-start=\"1944\" data-end=\"1979\">\n<p class=\"\" data-start=\"1946\" data-end=\"1979\"><strong data-start=\"1946\" data-end=\"1959\">M\u00e1c th\u00e9p:<\/strong> SS400, Q235B, CT3<\/p>\n<\/li>\n<li class=\"\" data-start=\"1980\" data-end=\"2017\">\n<p class=\"\" data-start=\"1982\" data-end=\"2017\"><strong data-start=\"1982\" data-end=\"1993\">B\u1ec1 m\u1eb7t:<\/strong> \u0110en c\u00e1n n\u00f3ng, ch\u01b0a m\u1ea1<\/p>\n<\/li>\n<li class=\"\" data-start=\"2018\" data-end=\"2066\">\n<p class=\"\" data-start=\"2020\" data-end=\"2066\"><strong data-start=\"2020\" data-end=\"2032\">Xu\u1ea5t x\u1ee9:<\/strong> Vi\u1ec7t Nam, Trung Qu\u1ed1c, H\u00e0n Qu\u1ed1c&#8230;<\/p>\n<\/li>\n<\/ul>\n<h3 class=\"\" data-start=\"2073\" data-end=\"2104\"><strong data-start=\"2077\" data-end=\"2104\">6. Cam k\u1ebft t\u1eeb ch\u00fang t\u00f4i<\/strong><\/h3>\n<p class=\"\" data-start=\"2106\" data-end=\"2283\">H\u00e0ng c\u00f3 s\u1eb5n s\u1ed1 l\u01b0\u1ee3ng l\u1edbn \u2013 \u0111a d\u1ea1ng k\u00edch th\u01b0\u1edbc<br data-start=\"2153\" data-end=\"2156\" \/>CO\/CQ \u0111\u1ea7y \u0111\u1ee7 \u2013 h\u1ed7 tr\u1ee3 k\u1ef9 thu\u1eadt t\u1eadn t\u00ecnh<br data-start=\"2197\" data-end=\"2200\" \/>Giao h\u00e0ng to\u00e0n qu\u1ed1c \u2013 nh\u1eadn c\u1eaft theo y\u00eau c\u1ea7u<br data-start=\"2245\" data-end=\"2248\" \/>Gi\u00e1 t\u1ed1t \u2013 \u01b0u \u0111\u00e3i cho \u0111\u01a1n h\u00e0ng l\u1edbn<\/p>\n","protected":false},"excerpt":{"rendered":"<p><strong>\u0110\u01a1n h\u00e0ng t\u1ed1i thi\u1ec3u:\u00a0<\/strong>Li\u00ean h\u1ec7<\/p>\n<p><strong>Kh\u1ea3 n\u0103ng cung c\u1ea5p:\u00a0<\/strong>Li\u00ean h\u1ec7<\/p>\n<p><strong>Giao h\u00e0ng:\u00a0<\/strong>To\u00e0n Qu\u1ed1c<\/p>\n<p><strong>Thanh to\u00e1n:\u00a0<\/strong>Linh ho\u1ea1t<\/p>\n<p><strong>T\u00f3m t\u1eaft:\u00a0<\/strong>\u1ee8ng d\u1ee5ng trong x\u00e2y d\u1ef1ng d\u00e2n d\u1ee5ng: c\u1ed5ng r\u00e0o, h\u00e0ng r\u00e0o, khung nh\u00e0, m\u00e1i che. C\u00f4ng tr\u00ecnh c\u00f4ng nghi\u1ec7p: nh\u00e0 x\u01b0\u1edfng, nh\u00e0 th\u00e9p ti\u1ec1n ch\u1ebf. C\u01a1 kh\u00ed \u2013 n\u1ed9i th\u1ea5t: b\u00e0n gh\u1ebf, k\u1ec7 tr\u01b0ng b\u00e0y, khung m\u00e1y m\u00f3c. Trang tr\u00ed ngo\u1ea1i th\u1ea5t, bi\u1ec3n hi\u1ec7u, b\u1ea3ng qu\u1ea3ng c\u00e1o. H\u1ec7 th\u1ed1ng k\u1ebft c\u1ea5u ch\u1ecbu l\u1ef1c nh\u1eb9 \u0111\u1ebfn trung b\u00ecnh<\/p>\n","protected":false},"featured_media":2218,"comment_status":"open","ping_status":"closed","template":"","meta":{"inline_featured_image":false},"product_brand":[],"product_cat":[19],"product_tag":[],"class_list":{"0":"post-2235","1":"product","2":"type-product","3":"status-publish","4":"has-post-thumbnail","6":"product_cat-thep-hop","8":"first","9":"instock","10":"shipping-taxable","11":"product-type-simple"},"_links":{"self":[{"href":"https:\/\/thepnguyenphat.com\/index.php?rest_route=\/wp\/v2\/product\/2235","targetHints":{"allow":["GET"]}}],"collection":[{"href":"https:\/\/thepnguyenphat.com\/index.php?rest_route=\/wp\/v2\/product"}],"about":[{"href":"https:\/\/thepnguyenphat.com\/index.php?rest_route=\/wp\/v2\/types\/product"}],"replies":[{"embeddable":true,"href":"https:\/\/thepnguyenphat.com\/index.php?rest_route=%2Fwp%2Fv2%2Fcomments&post=2235"}],"wp:featuredmedia":[{"embeddable":true,"href":"https:\/\/thepnguyenphat.com\/index.php?rest_route=\/wp\/v2\/media\/2218"}],"wp:attachment":[{"href":"https:\/\/thepnguyenphat.com\/index.php?rest_route=%2Fwp%2Fv2%2Fmedia&parent=2235"}],"wp:term":[{"taxonomy":"product_brand","embeddable":true,"href":"https:\/\/thepnguyenphat.com\/index.php?rest_route=%2Fwp%2Fv2%2Fproduct_brand&post=2235"},{"taxonomy":"product_cat","embeddable":true,"href":"https:\/\/thepnguyenphat.com\/index.php?rest_route=%2Fwp%2Fv2%2Fproduct_cat&post=2235"},{"taxonomy":"product_tag","embeddable":true,"href":"https:\/\/thepnguyenphat.com\/index.php?rest_route=%2Fwp%2Fv2%2Fproduct_tag&post=2235"}],"curies":[{"name":"wp","href":"https:\/\/api.w.org\/{rel}","templated":true}]}}