{"id":2236,"date":"2025-05-11T12:23:26","date_gmt":"2025-05-11T12:23:26","guid":{"rendered":"http:\/\/thepnguyenphat.com\/nps\/wordpress\/?post_type=product&#038;p=2236"},"modified":"2025-05-12T15:03:16","modified_gmt":"2025-05-12T15:03:16","slug":"thep-cuon","status":"publish","type":"product","link":"https:\/\/thepnguyenphat.com\/?product=thep-cuon","title":{"rendered":"Th\u00e9p Cu\u1ed9n"},"content":{"rendered":"<h3 class=\"\" data-start=\"204\" data-end=\"231\"><strong data-start=\"208\" data-end=\"231\">1. Th\u00e9p cu\u1ed9n l\u00e0 g\u00ec?<\/strong><\/h3>\n<p class=\"\" data-start=\"233\" data-end=\"491\">Th\u00e9p cu\u1ed9n l\u00e0 s\u1ea3n ph\u1ea9m th\u00e9p \u0111\u01b0\u1ee3c c\u00e1n m\u1ecfng r\u1ed3i cu\u1ed9n l\u1ea1i th\u00e0nh d\u1ea1ng cu\u1ed9n tr\u00f2n l\u1edbn \u0111\u1ec3 d\u1ec5 v\u1eadn chuy\u1ec3n v\u00e0 b\u1ea3o qu\u1ea3n. T\u00f9y v\u00e0o c\u00f4ng ngh\u1ec7 s\u1ea3n xu\u1ea5t, th\u00e9p cu\u1ed9n c\u00f3 th\u1ec3 l\u00e0 <strong data-start=\"390\" data-end=\"420\">c\u00e1n n\u00f3ng (Hot Rolled \u2013 HR)<\/strong>, <strong data-start=\"422\" data-end=\"454\">c\u00e1n ngu\u1ed9i (Cold Rolled \u2013 CR)<\/strong>, ho\u1eb7c <strong data-start=\"461\" data-end=\"490\">th\u00e9p cu\u1ed9n m\u1ea1 k\u1ebdm (GI, GL)<\/strong>.<\/p>\n<p class=\"\" data-start=\"493\" data-end=\"652\">Th\u00e9p cu\u1ed9n l\u00e0 nguy\u00ean li\u1ec7u quan tr\u1ecdng trong c\u00e1c ng\u00e0nh c\u00f4ng nghi\u1ec7p ch\u1ebf t\u1ea1o, x\u00e2y d\u1ef1ng, gia c\u00f4ng c\u01a1 kh\u00ed, s\u1ea3n xu\u1ea5t \u1ed1ng th\u00e9p, t\u00f4n l\u1ee3p, k\u1ebft c\u1ea5u th\u00e9p v\u00e0 h\u00e0ng ti\u00eau d\u00f9ng.<\/p>\n<h3 class=\"\" data-start=\"659\" data-end=\"698\"><strong data-start=\"663\" data-end=\"698\">2. Ph\u00e2n lo\u1ea1i th\u00e9p cu\u1ed9n ph\u1ed5 bi\u1ebfn<\/strong><\/h3>\n<div class=\"_tableContainer_16hzy_1\">\n<div class=\"_tableWrapper_16hzy_14 group flex w-fit flex-col-reverse\" tabindex=\"-1\">\n<table class=\"w-fit min-w-(--thread-content-width)\" style=\"border: 2px solid black; border-collapse: collapse; width: 100%;\">\n<thead>\n<tr>\n<th style=\"border: 1px solid black; color: black;\">Lo\u1ea1i th\u00e9p cu\u1ed9n<\/th>\n<th style=\"border: 1px solid black; color: black;\">\u0110\u1eb7c \u0111i\u1ec3m ch\u00ednh<\/th>\n<th style=\"border: 1px solid black; color: black;\">\u1ee8ng d\u1ee5ng \u0111i\u1ec3n h\u00ecnh<\/th>\n<\/tr>\n<\/thead>\n<tbody>\n<tr>\n<td style=\"border: 1px solid black;\"><strong>Th\u00e9p cu\u1ed9n c\u00e1n n\u00f3ng (HR)<\/strong><\/td>\n<td style=\"border: 1px solid black;\">B\u1ec1 m\u1eb7t th\u00f4, m\u00e0u xanh x\u00e1m, \u0111\u1ed9 b\u1ec1n cao<\/td>\n<td style=\"border: 1px solid black;\">K\u1ebft c\u1ea5u th\u00e9p, s\u1ea3n xu\u1ea5t d\u1ea7m, c\u1ed9t, \u1ed1ng l\u1edbn<\/td>\n<\/tr>\n<tr>\n<td style=\"border: 1px solid black;\"><strong>Th\u00e9p cu\u1ed9n c\u00e1n ngu\u1ed9i (CR)<\/strong><\/td>\n<td style=\"border: 1px solid black;\">B\u1ec1 m\u1eb7t nh\u1eb5n, s\u00e1ng, \u0111\u1ed9 ch\u00ednh x\u00e1c cao<\/td>\n<td style=\"border: 1px solid black;\">Gia c\u00f4ng chi ti\u1ebft, thi\u1ebft b\u1ecb gia d\u1ee5ng<\/td>\n<\/tr>\n<tr>\n<td style=\"border: 1px solid black;\"><strong>Th\u00e9p cu\u1ed9n m\u1ea1 k\u1ebdm (GI)<\/strong><\/td>\n<td style=\"border: 1px solid black;\">Ph\u1ee7 l\u1edbp k\u1ebdm ch\u1ed1ng g\u1ec9, s\u00e1ng b\u00f3ng, th\u1ea9m m\u1ef9 cao<\/td>\n<td style=\"border: 1px solid black;\">L\u00e0m t\u00f4n l\u1ee3p, v\u00e1ch ng\u0103n, m\u00e1ng x\u1ed1i, \u1ed1ng th\u00e9p<\/td>\n<\/tr>\n<tr>\n<td style=\"border: 1px solid black;\"><strong>Th\u00e9p cu\u1ed9n m\u1ea1 h\u1ee3p kim (GL)<\/strong><\/td>\n<td style=\"border: 1px solid black;\">M\u1ea1 nh\u00f4m k\u1ebdm, ch\u1ed1ng \u0103n m\u00f2n c\u1ef1c t\u1ed1t<\/td>\n<td style=\"border: 1px solid black;\">M\u00e1i t\u00f4n, t\u1ea5m panel, c\u00f4ng tr\u00ecnh ven bi\u1ec3n<\/td>\n<\/tr>\n<tr>\n<td style=\"border: 1px solid black;\"><strong>Th\u00e9p cu\u1ed9n inox<\/strong><\/td>\n<td style=\"border: 1px solid black;\">Kh\u00f4ng g\u1ec9, \u0111\u1ed9 b\u1ec1n cao, s\u00e1ng b\u00f3ng<\/td>\n<td style=\"border: 1px solid black;\">Thi\u1ebft b\u1ecb y t\u1ebf, b\u1ebfp c\u00f4ng nghi\u1ec7p, n\u1ed9i th\u1ea5t<\/td>\n<\/tr>\n<\/tbody>\n<\/table>\n<\/div>\n<\/div>\n<h3 class=\"\" data-start=\"1586\" data-end=\"1626\"><strong data-start=\"1590\" data-end=\"1626\">3. \u01afu \u0111i\u1ec3m n\u1ed5i b\u1eadt c\u1ee7a th\u00e9p cu\u1ed9n<\/strong><\/h3>\n<ul data-start=\"1628\" data-end=\"1830\">\n<li class=\"\" data-start=\"1628\" data-end=\"1678\">\n<p class=\"\" data-start=\"1630\" data-end=\"1678\"><strong data-start=\"1630\" data-end=\"1676\">Ti\u1ebft ki\u1ec7m di\u1ec7n t\u00edch l\u01b0u tr\u1eef, d\u1ec5 v\u1eadn chuy\u1ec3n<\/strong><\/p>\n<\/li>\n<li class=\"\" data-start=\"1679\" data-end=\"1732\">\n<p class=\"\" data-start=\"1681\" data-end=\"1732\"><strong data-start=\"1681\" data-end=\"1730\">Gia c\u00f4ng linh ho\u1ea1t th\u00e0nh t\u1ea5m, \u1ed1ng, d\u1ea7m, thanh<\/strong><\/p>\n<\/li>\n<li class=\"\" data-start=\"1733\" data-end=\"1779\">\n<p class=\"\" data-start=\"1735\" data-end=\"1779\"><strong data-start=\"1735\" data-end=\"1777\">\u0110a d\u1ea1ng b\u1ec1 m\u1eb7t, m\u00e1c th\u00e9p v\u00e0 ti\u00eau chu\u1ea9n<\/strong><\/p>\n<\/li>\n<li class=\"\" data-start=\"1780\" data-end=\"1830\">\n<p class=\"\" data-start=\"1782\" data-end=\"1830\"><strong data-start=\"1782\" data-end=\"1830\">Ch\u1ecbu l\u1ef1c t\u1ed1t, ph\u00f9 h\u1ee3p nhi\u1ec1u m\u1ee5c \u0111\u00edch s\u1eed d\u1ee5ng<\/strong><\/p>\n<\/li>\n<\/ul>\n<h3 class=\"\" data-start=\"1837\" data-end=\"1872\"><strong data-start=\"1841\" data-end=\"1872\">4. Th\u00f4ng s\u1ed1 k\u1ef9 thu\u1eadt c\u01a1 b\u1ea3n<\/strong><\/h3>\n<ul data-start=\"1874\" data-end=\"2077\">\n<li class=\"\" data-start=\"1874\" data-end=\"1904\">\n<p class=\"\" data-start=\"1876\" data-end=\"1904\"><strong data-start=\"1876\" data-end=\"1887\">\u0110\u1ed9 d\u00e0y:<\/strong> 0.2 mm \u2013 16 mm<\/p>\n<\/li>\n<li class=\"\" data-start=\"1905\" data-end=\"1939\">\n<p class=\"\" data-start=\"1907\" data-end=\"1939\"><strong data-start=\"1907\" data-end=\"1920\">Kh\u1ed5 r\u1ed9ng:<\/strong> 600 mm \u2013 2000 mm<\/p>\n<\/li>\n<li class=\"\" data-start=\"1940\" data-end=\"1976\">\n<p class=\"\" data-start=\"1942\" data-end=\"1976\"><strong data-start=\"1942\" data-end=\"1958\">Tr\u1ecdng l\u01b0\u1ee3ng:<\/strong> 3 \u2013 25 t\u1ea5n\/cu\u1ed9n<\/p>\n<\/li>\n<li class=\"\" data-start=\"1977\" data-end=\"2016\">\n<p class=\"\" data-start=\"1979\" data-end=\"2016\"><strong data-start=\"1979\" data-end=\"1994\">Ti\u00eau chu\u1ea9n:<\/strong> JIS, ASTM, EN, TCVN<\/p>\n<\/li>\n<li class=\"\" data-start=\"2017\" data-end=\"2077\">\n<p class=\"\" data-start=\"2019\" data-end=\"2077\"><strong data-start=\"2019\" data-end=\"2041\">M\u00e1c th\u00e9p ph\u1ed5 bi\u1ebfn:<\/strong> SS400, Q235B, SPHC, SPCC, S235JR&#8230;<\/p>\n<\/li>\n<\/ul>\n<h3 class=\"\" data-start=\"2084\" data-end=\"2111\"><strong data-start=\"2088\" data-end=\"2111\">5. \u1ee8ng d\u1ee5ng th\u1ef1c t\u1ebf<\/strong><\/h3>\n<ul data-start=\"2113\" data-end=\"2346\">\n<li class=\"\" data-start=\"2113\" data-end=\"2158\">\n<p class=\"\" data-start=\"2115\" data-end=\"2158\">C\u00e1n t\u00f4n l\u1ee3p, s\u1ea3n xu\u1ea5t v\u00e1ch ng\u0103n, m\u00e1ng x\u1ed1i<\/p>\n<\/li>\n<li class=\"\" data-start=\"2159\" data-end=\"2203\">\n<p class=\"\" data-start=\"2161\" data-end=\"2203\">Gia c\u00f4ng th\u00e9p t\u1ea5m, d\u1ea7m, x\u00e0 g\u1ed3, khung k\u00e8o<\/p>\n<\/li>\n<li class=\"\" data-start=\"2204\" data-end=\"2249\">\n<p class=\"\" data-start=\"2206\" data-end=\"2249\">S\u1ea3n xu\u1ea5t \u1ed1ng th\u00e9p, th\u00e9p h\u1ed9p, chi ti\u1ebft m\u00e1y<\/p>\n<\/li>\n<li class=\"\" data-start=\"2250\" data-end=\"2296\">\n<p class=\"\" data-start=\"2252\" data-end=\"2296\">Ng\u00e0nh \u0111i\u1ec7n l\u1ea1nh, \u0111i\u1ec7n t\u1eed, c\u01a1 kh\u00ed ch\u00ednh x\u00e1c<\/p>\n<\/li>\n<li class=\"\" data-start=\"2297\" data-end=\"2346\">\n<p class=\"\" data-start=\"2299\" data-end=\"2346\">S\u1ea3n xu\u1ea5t \u0111\u1ed3 gia d\u1ee5ng, thi\u1ebft b\u1ecb nh\u00e0 b\u1ebfp, b\u00e0n gh\u1ebf<\/p>\n<\/li>\n<\/ul>\n<h3 class=\"\" data-start=\"2353\" data-end=\"2384\"><strong data-start=\"2357\" data-end=\"2384\">6. Cam k\u1ebft t\u1eeb ch\u00fang t\u00f4i<\/strong><\/h3>\n<p class=\"\" data-start=\"2386\" data-end=\"2557\">H\u00e0ng ch\u00ednh h\u00e3ng \u2013 \u0111\u1ea7y \u0111\u1ee7 CO\/CQ<br data-start=\"2418\" data-end=\"2421\" \/>\u0110a d\u1ea1ng lo\u1ea1i cu\u1ed9n \u2013 c\u1eaft cu\u1ed9n theo y\u00eau c\u1ea7u<br data-start=\"2464\" data-end=\"2467\" \/>Giao h\u00e0ng t\u1eadn n\u01a1i \u2013 gi\u00e1 c\u1ea3 c\u1ea1nh tranh<br data-start=\"2506\" data-end=\"2509\" \/>T\u01b0 v\u1ea5n ch\u1ecdn th\u00e9p ph\u00f9 h\u1ee3p theo m\u1ee5c \u0111\u00edch s\u1eed d\u1ee5ng<\/p>\n","protected":false},"excerpt":{"rendered":"<p><strong>\u0110\u01a1n h\u00e0ng t\u1ed1i thi\u1ec3u:\u00a0<\/strong>Li\u00ean h\u1ec7<\/p>\n<p><strong>Kh\u1ea3 n\u0103ng cung c\u1ea5p:\u00a0<\/strong>Li\u00ean h\u1ec7<\/p>\n<p><strong>Giao h\u00e0ng:\u00a0<\/strong>To\u00e0n Qu\u1ed1c<\/p>\n<p><strong>Thanh to\u00e1n:\u00a0<\/strong>Linh ho\u1ea1t<\/p>\n<p><strong>T\u00f3m t\u1eaft:\u00a0<\/strong>S\u1ea3n ph\u1ea9m c\u00f3 nhi\u1ec1u lo\u1ea1i m\u00e1c th\u00e9p kh\u00e1c nhau ph\u00f9 h\u1ee3p v\u1edbi nhu c\u1ea7u s\u1eed d\u1ee5ng<\/p>\n","protected":false},"featured_media":2219,"comment_status":"open","ping_status":"closed","template":"","meta":{"inline_featured_image":false},"product_brand":[],"product_cat":[18],"product_tag":[],"class_list":{"0":"post-2236","1":"product","2":"type-product","3":"status-publish","4":"has-post-thumbnail","6":"product_cat-thep-cuon","8":"first","9":"instock","10":"shipping-taxable","11":"product-type-simple"},"_links":{"self":[{"href":"https:\/\/thepnguyenphat.com\/index.php?rest_route=\/wp\/v2\/product\/2236","targetHints":{"allow":["GET"]}}],"collection":[{"href":"https:\/\/thepnguyenphat.com\/index.php?rest_route=\/wp\/v2\/product"}],"about":[{"href":"https:\/\/thepnguyenphat.com\/index.php?rest_route=\/wp\/v2\/types\/product"}],"replies":[{"embeddable":true,"href":"https:\/\/thepnguyenphat.com\/index.php?rest_route=%2Fwp%2Fv2%2Fcomments&post=2236"}],"wp:featuredmedia":[{"embeddable":true,"href":"https:\/\/thepnguyenphat.com\/index.php?rest_route=\/wp\/v2\/media\/2219"}],"wp:attachment":[{"href":"https:\/\/thepnguyenphat.com\/index.php?rest_route=%2Fwp%2Fv2%2Fmedia&parent=2236"}],"wp:term":[{"taxonomy":"product_brand","embeddable":true,"href":"https:\/\/thepnguyenphat.com\/index.php?rest_route=%2Fwp%2Fv2%2Fproduct_brand&post=2236"},{"taxonomy":"product_cat","embeddable":true,"href":"https:\/\/thepnguyenphat.com\/index.php?rest_route=%2Fwp%2Fv2%2Fproduct_cat&post=2236"},{"taxonomy":"product_tag","embeddable":true,"href":"https:\/\/thepnguyenphat.com\/index.php?rest_route=%2Fwp%2Fv2%2Fproduct_tag&post=2236"}],"curies":[{"name":"wp","href":"https:\/\/api.w.org\/{rel}","templated":true}]}}