{"id":2246,"date":"2025-05-11T12:41:30","date_gmt":"2025-05-11T12:41:30","guid":{"rendered":"http:\/\/thepnguyenphat.com\/nps\/wordpress\/?post_type=product&#038;p=2246"},"modified":"2025-09-13T02:16:31","modified_gmt":"2025-09-13T02:16:31","slug":"thep-xay-dung","status":"publish","type":"product","link":"https:\/\/thepnguyenphat.com\/?product=thep-xay-dung","title":{"rendered":"Th\u00e9p X\u00e2y D\u1ef1ng"},"content":{"rendered":"<h3 class=\"\" data-start=\"213\" data-end=\"244\"><strong data-start=\"217\" data-end=\"244\">1. Th\u00e9p x\u00e2y d\u1ef1ng l\u00e0 g\u00ec?<\/strong><\/h3>\n<p class=\"\" data-start=\"246\" data-end=\"481\">Th\u00e9p x\u00e2y d\u1ef1ng l\u00e0 lo\u1ea1i v\u1eadt li\u1ec7u <strong data-start=\"277\" data-end=\"293\">k\u1ebft c\u1ea5u th\u00e9p<\/strong> \u0111\u01b0\u1ee3c s\u1eed d\u1ee5ng ph\u1ed5 bi\u1ebfn trong ng\u00e0nh x\u00e2y d\u1ef1ng d\u00e2n d\u1ee5ng v\u00e0 c\u00f4ng nghi\u1ec7p. \u0110\u00e2y l\u00e0 v\u1eadt li\u1ec7u ch\u1ee7 l\u1ef1c trong vi\u1ec7c gia c\u1ed1 b\u00ea t\u00f4ng, thi c\u00f4ng m\u00f3ng, c\u1ed9t, d\u1ea7m, s\u00e0n v\u00e0 c\u00e1c k\u1ebft c\u1ea5u ch\u1ecbu l\u1ef1c c\u1ee7a c\u00f4ng tr\u00ecnh.<\/p>\n<p class=\"\" data-start=\"483\" data-end=\"702\">Th\u00e9p x\u00e2y d\u1ef1ng c\u00f3 nhi\u1ec1u d\u1ea1ng nh\u01b0 <strong data-start=\"515\" data-end=\"560\">th\u00e9p thanh v\u1eb1n, th\u00e9p tr\u00f2n tr\u01a1n, th\u00e9p cu\u1ed9n<\/strong>, \u0111\u01b0\u1ee3c s\u1ea3n xu\u1ea5t theo nhi\u1ec1u ti\u00eau chu\u1ea9n qu\u1ed1c t\u1ebf v\u00e0 trong n\u01b0\u1edbc nh\u1eb1m \u0111\u1ea3m b\u1ea3o kh\u1ea3 n\u0103ng <strong data-start=\"642\" data-end=\"702\">ch\u1ecbu k\u00e9o, ch\u1ecbu n\u00e9n, d\u1ebbo dai v\u00e0 li\u00ean k\u1ebft t\u1ed1t v\u1edbi b\u00ea t\u00f4ng.<\/strong><\/p>\n<h3 class=\"\" data-start=\"709\" data-end=\"752\"><strong data-start=\"713\" data-end=\"752\">2. Ph\u00e2n lo\u1ea1i th\u00e9p x\u00e2y d\u1ef1ng ph\u1ed5 bi\u1ebfn<\/strong><\/h3>\n<div class=\"_tableContainer_16hzy_1\">\n<div class=\"_tableWrapper_16hzy_14 group flex w-fit flex-col-reverse\" tabindex=\"-1\">\n<table class=\"w-fit min-w-(--thread-content-width)\" style=\"border: 2px solid black; border-collapse: collapse;\">\n<thead>\n<tr>\n<th style=\"border: 1px solid black;\">Lo\u1ea1i th\u00e9p x\u00e2y d\u1ef1ng<\/th>\n<th style=\"border: 1px solid black;\">\u0110\u1eb7c \u0111i\u1ec3m<\/th>\n<th style=\"border: 1px solid black;\">\u1ee8ng d\u1ee5ng ch\u00ednh<\/th>\n<\/tr>\n<\/thead>\n<tbody>\n<tr>\n<td style=\"border: 1px solid black;\"><strong>Th\u00e9p cu\u1ed9n<\/strong><\/td>\n<td style=\"border: 1px solid black;\">C\u00f3 \u0111\u01b0\u1eddng k\u00ednh nh\u1ecf, b\u1ec1 m\u1eb7t tr\u01a1n ho\u1eb7c g\u00e2n, \u0111\u00f3ng cu\u1ed9n<\/td>\n<td style=\"border: 1px solid black;\">L\u00e0m \u0111ai c\u1ed9t, \u0111ai d\u1ea7m, m\u00f3c neo, gia c\u1ed1 nh\u1eb9<\/td>\n<\/tr>\n<tr>\n<td style=\"border: 1px solid black;\"><strong>Th\u00e9p thanh tr\u00f2n tr\u01a1n<\/strong><\/td>\n<td style=\"border: 1px solid black;\">B\u1ec1 m\u1eb7t nh\u1eb5n, \u0111\u01b0\u1eddng k\u00ednh \u0111\u1ec1u<\/td>\n<td style=\"border: 1px solid black;\">D\u00f9ng trong k\u1ebft c\u1ea5u y\u00eau c\u1ea7u \u0111\u00e0n h\u1ed3i ho\u1eb7c d\u1ec5 gia c\u00f4ng<\/td>\n<\/tr>\n<tr>\n<td style=\"border: 1px solid black;\"><strong>Th\u00e9p thanh v\u1eb1n<\/strong><\/td>\n<td style=\"border: 1px solid black;\">C\u00f3 g\u00e2n xo\u1eafn gi\u00fap b\u00e1m d\u00ednh t\u1ed1t h\u01a1n v\u1edbi b\u00ea t\u00f4ng<\/td>\n<td style=\"border: 1px solid black;\">C\u1ed1t th\u00e9p d\u1ea7m, s\u00e0n, c\u1ed9t ch\u1ecbu l\u1ef1c<\/td>\n<\/tr>\n<\/tbody>\n<\/table>\n<\/div>\n<\/div>\n<h3 class=\"\" data-start=\"1347\" data-end=\"1391\"><strong data-start=\"1351\" data-end=\"1391\">3. \u01afu \u0111i\u1ec3m n\u1ed5i b\u1eadt c\u1ee7a th\u00e9p x\u00e2y d\u1ef1ng<\/strong><\/h3>\n<ul data-start=\"1393\" data-end=\"1672\">\n<li class=\"\" data-start=\"1393\" data-end=\"1447\">\n<p class=\"\" data-start=\"1395\" data-end=\"1447\">Ch\u1ecbu l\u1ef1c c\u1ef1c t\u1ed1t \u2013 \u0111\u1eb7c bi\u1ec7t l\u00e0 k\u00e9o, n\u00e9n v\u00e0 u\u1ed1n<\/p>\n<\/li>\n<li class=\"\" data-start=\"1448\" data-end=\"1507\">\n<p class=\"\" data-start=\"1450\" data-end=\"1507\">B\u00e1m d\u00ednh cao v\u1edbi b\u00ea t\u00f4ng \u2013 \u0111\u1ea3m b\u1ea3o k\u1ebft c\u1ea5u b\u1ec1n v\u1eefng<\/p>\n<\/li>\n<li class=\"\" data-start=\"1508\" data-end=\"1550\">\n<p class=\"\" data-start=\"1510\" data-end=\"1550\">D\u1ec5 c\u1eaft, u\u1ed1n, n\u1ed1i, h\u00e0n khi thi c\u00f4ng<\/p>\n<\/li>\n<li class=\"\" data-start=\"1551\" data-end=\"1607\">\n<p class=\"\" data-start=\"1553\" data-end=\"1607\">\u0110a d\u1ea1ng quy c\u00e1ch \u2013 \u0111\u00e1p \u1ee9ng m\u1ecdi quy m\u00f4 c\u00f4ng tr\u00ecnh<\/p>\n<\/li>\n<li class=\"\" data-start=\"1608\" data-end=\"1672\">\n<p class=\"\" data-start=\"1610\" data-end=\"1672\">Tu\u1ed5i th\u1ecd d\u00e0i \u2013 ph\u00f9 h\u1ee3p m\u1ecdi \u0111i\u1ec1u ki\u1ec7n th\u1eddi ti\u1ebft, m\u00f4i tr\u01b0\u1eddng<\/p>\n<\/li>\n<\/ul>\n<h3 class=\"\" data-start=\"1679\" data-end=\"1716\"><strong data-start=\"1683\" data-end=\"1716\">4. Th\u00f4ng s\u1ed1 k\u1ef9 thu\u1eadt ph\u1ed5 bi\u1ebfn<\/strong><\/h3>\n<ul data-start=\"1718\" data-end=\"1978\">\n<li class=\"\" data-start=\"1718\" data-end=\"1759\">\n<p class=\"\" data-start=\"1720\" data-end=\"1759\"><strong data-start=\"1720\" data-end=\"1745\">\u0110\u01b0\u1eddng k\u00ednh th\u00e9p cu\u1ed9n:<\/strong> \u00d86 \u2013 \u00d810 mm<\/p>\n<\/li>\n<li class=\"\" data-start=\"1760\" data-end=\"1801\">\n<p class=\"\" data-start=\"1762\" data-end=\"1801\"><strong data-start=\"1762\" data-end=\"1786\">\u0110\u01b0\u1eddng k\u00ednh th\u00e9p c\u00e2y:<\/strong> \u00d810 \u2013 \u00d832 mm<\/p>\n<\/li>\n<li class=\"\" data-start=\"1802\" data-end=\"1855\">\n<p class=\"\" data-start=\"1804\" data-end=\"1855\"><strong data-start=\"1804\" data-end=\"1829\">Chi\u1ec1u d\u00e0i ti\u00eau chu\u1ea9n:<\/strong> 11.7m ho\u1eb7c theo y\u00eau c\u1ea7u<\/p>\n<\/li>\n<li class=\"\" data-start=\"1856\" data-end=\"1915\">\n<p class=\"\" data-start=\"1858\" data-end=\"1915\"><strong data-start=\"1858\" data-end=\"1873\">Ti\u00eau chu\u1ea9n:<\/strong> TCVN 1651, JIS G3112, ASTM A615, BS4449<\/p>\n<\/li>\n<li class=\"\" data-start=\"1916\" data-end=\"1978\">\n<p class=\"\" data-start=\"1918\" data-end=\"1978\"><strong data-start=\"1918\" data-end=\"1931\">M\u00e1c th\u00e9p:<\/strong> CB240-T, CB300-V, SD295A, SD390, Gr40, Gr60&#8230;<\/p>\n<\/li>\n<\/ul>\n<h3 class=\"\" data-start=\"1985\" data-end=\"2012\"><strong data-start=\"1989\" data-end=\"2012\">5. \u1ee8ng d\u1ee5ng th\u1ef1c t\u1ebf<\/strong><\/h3>\n<ul data-start=\"2014\" data-end=\"2259\">\n<li class=\"\" data-start=\"2014\" data-end=\"2062\">\n<p class=\"\" data-start=\"2016\" data-end=\"2062\">C\u1ed1t th\u00e9p m\u00f3ng, c\u1ed9t, d\u1ea7m, s\u00e0n, m\u00e1i c\u00f4ng tr\u00ecnh<\/p>\n<\/li>\n<li class=\"\" data-start=\"2063\" data-end=\"2107\">\n<p class=\"\" data-start=\"2065\" data-end=\"2107\">L\u00e0m l\u01b0\u1edbi th\u00e9p h\u00e0n, khung s\u01b0\u1eddn t\u01b0\u1eddng ch\u1eafn<\/p>\n<\/li>\n<li class=\"\" data-start=\"2108\" data-end=\"2146\">\n<p class=\"\" data-start=\"2110\" data-end=\"2146\">Gia c\u00f4ng \u0111ai c\u1ed9t, \u0111ai \u0111\u1ea7m, m\u00f3c neo<\/p>\n<\/li>\n<li class=\"\" data-start=\"2147\" data-end=\"2204\">\n<p class=\"\" data-start=\"2149\" data-end=\"2204\">D\u1ef1 \u00e1n nh\u00e0 d\u00e2n, nh\u00e0 ph\u1ed1, bi\u1ec7t th\u1ef1, chung c\u01b0, nh\u00e0 x\u01b0\u1edfng<\/p>\n<\/li>\n<li class=\"\" data-start=\"2205\" data-end=\"2259\">\n<p class=\"\" data-start=\"2207\" data-end=\"2259\">C\u00f4ng tr\u00ecnh c\u00f4ng nghi\u1ec7p, giao th\u00f4ng, h\u1ea1 t\u1ea7ng k\u1ef9 thu\u1eadt<\/p>\n<\/li>\n<\/ul>\n<h3 class=\"\" data-start=\"2266\" data-end=\"2297\"><strong data-start=\"2270\" data-end=\"2297\">6. Cam k\u1ebft t\u1eeb ch\u00fang t\u00f4i<\/strong><\/h3>\n<p class=\"\" data-start=\"2299\" data-end=\"2519\">H\u00e0ng ch\u00ednh h\u00e3ng \u2013 \u0111\u1ea7y \u0111\u1ee7 CO\/CQ, ki\u1ec3m \u0111\u1ecbnh c\u01a1 l\u00fd<br data-start=\"2348\" data-end=\"2351\" \/>C\u1eaft th\u00e9p theo y\u00eau c\u1ea7u \u2013 giao h\u00e0ng t\u1eadn n\u01a1i c\u00f4ng tr\u00ecnh<br data-start=\"2405\" data-end=\"2408\" \/>Gi\u00e1 t\u1ed1t \u2013 chi\u1ebft kh\u1ea5u cao cho \u0111\u01a1n h\u00e0ng s\u1ed1 l\u01b0\u1ee3ng l\u1edbn<br data-start=\"2460\" data-end=\"2463\" \/>T\u01b0 v\u1ea5n k\u1ef9 thu\u1eadt \u2013 h\u1ed7 tr\u1ee3 ch\u1ecdn m\u00e1c th\u00e9p \u0111\u00fang ti\u00eau chu\u1ea9n<\/p>\n","protected":false},"excerpt":{"rendered":"<p><strong>\u0110\u01a1n h\u00e0ng t\u1ed1i thi\u1ec3u:\u00a0<\/strong>Li\u00ean h\u1ec7<\/p>\n<p><strong>Kh\u1ea3 n\u0103ng cung c\u1ea5p:\u00a0<\/strong>Li\u00ean h\u1ec7<\/p>\n<p><strong>Giao h\u00e0ng:\u00a0<\/strong>To\u00e0n Qu\u1ed1c<\/p>\n<p><strong>Thanh to\u00e1n:\u00a0<\/strong>Linh ho\u1ea1t<\/p>\n<p><strong>T\u00f3m t\u1eaft:\u00a0<\/strong>Th\u00e9p x\u00e2y d\u1ef1ng c\u00f3 nhi\u1ec1u \u0111\u1eb7c t\u00ednh v\u01b0\u1ee3t tr\u1ed9i nh\u01b0 \u0111\u1ed9 b\u1ec1n, ch\u1ecbu l\u1ef1c t\u1ed1t v\u00e0 \u0111\u1ed9 co d\u00e3n nh\u1ecf khi ch\u1ecbu t\u1ea3i tr\u1ecdng. Nh\u1edd nh\u1eefng t\u00ednh ch\u1ea5t n\u00e0y, n\u00f3 \u0111\u01b0\u1ee3c s\u1eed d\u1ee5ng \u0111\u1ec3 x\u00e2y d\u1ef1ng c\u00e1c c\u00f4ng tr\u00ecnh nh\u01b0 nh\u00e0 cao t\u1ea7ng, c\u1ea7u, nh\u00e0 x\u01b0\u1edfng, nh\u00e0 th\u00e9p ti\u1ec1n ch\u1ebf, v\u00e0 nhi\u1ec1u lo\u1ea1i c\u1ea5u tr\u00fac kh\u00e1c.<\/p>\n","protected":false},"featured_media":2229,"comment_status":"open","ping_status":"closed","template":"","meta":{"inline_featured_image":false},"product_brand":[],"product_cat":[21],"product_tag":[],"class_list":{"0":"post-2246","1":"product","2":"type-product","3":"status-publish","4":"has-post-thumbnail","6":"product_cat-thep-xay-dung","8":"first","9":"instock","10":"shipping-taxable","11":"product-type-simple"},"_links":{"self":[{"href":"https:\/\/thepnguyenphat.com\/index.php?rest_route=\/wp\/v2\/product\/2246","targetHints":{"allow":["GET"]}}],"collection":[{"href":"https:\/\/thepnguyenphat.com\/index.php?rest_route=\/wp\/v2\/product"}],"about":[{"href":"https:\/\/thepnguyenphat.com\/index.php?rest_route=\/wp\/v2\/types\/product"}],"replies":[{"embeddable":true,"href":"https:\/\/thepnguyenphat.com\/index.php?rest_route=%2Fwp%2Fv2%2Fcomments&post=2246"}],"wp:featuredmedia":[{"embeddable":true,"href":"https:\/\/thepnguyenphat.com\/index.php?rest_route=\/wp\/v2\/media\/2229"}],"wp:attachment":[{"href":"https:\/\/thepnguyenphat.com\/index.php?rest_route=%2Fwp%2Fv2%2Fmedia&parent=2246"}],"wp:term":[{"taxonomy":"product_brand","embeddable":true,"href":"https:\/\/thepnguyenphat.com\/index.php?rest_route=%2Fwp%2Fv2%2Fproduct_brand&post=2246"},{"taxonomy":"product_cat","embeddable":true,"href":"https:\/\/thepnguyenphat.com\/index.php?rest_route=%2Fwp%2Fv2%2Fproduct_cat&post=2246"},{"taxonomy":"product_tag","embeddable":true,"href":"https:\/\/thepnguyenphat.com\/index.php?rest_route=%2Fwp%2Fv2%2Fproduct_tag&post=2246"}],"curies":[{"name":"wp","href":"https:\/\/api.w.org\/{rel}","templated":true}]}}