{"id":2247,"date":"2025-05-11T12:42:39","date_gmt":"2025-05-11T12:42:39","guid":{"rendered":"http:\/\/thepnguyenphat.com\/nps\/wordpress\/?post_type=product&#038;p=2247"},"modified":"2025-10-19T22:20:36","modified_gmt":"2025-10-19T22:20:36","slug":"thep-tron-tron","status":"publish","type":"product","link":"https:\/\/thepnguyenphat.com\/?product=thep-tron-tron","title":{"rendered":"Th\u00e9p tr\u00f2n tr\u01a1n"},"content":{"rendered":"<h3 class=\"\" data-start=\"185\" data-end=\"210\"><strong data-start=\"189\" data-end=\"210\">1. M\u00f4 t\u1ea3 s\u1ea3n ph\u1ea9m<\/strong><\/h3>\n<p class=\"\" data-start=\"212\" data-end=\"541\">Th\u00e9p tr\u00f2n tr\u01a1n l\u00e0 lo\u1ea1i th\u00e9p x\u00e2y d\u1ef1ng c\u00f3 <strong data-start=\"252\" data-end=\"279\">ti\u1ebft di\u1ec7n h\u00ecnh tr\u00f2n \u0111\u1ec1u<\/strong>, <strong data-start=\"281\" data-end=\"315\">b\u1ec1 m\u1eb7t nh\u1eb5n b\u00f3ng, kh\u00f4ng c\u00f3 g\u00e2n<\/strong>, \u0111\u01b0\u1ee3c c\u00e1n ngu\u1ed9i ho\u1eb7c c\u00e1n n\u00f3ng t\u1eeb ph\u00f4i th\u00e9p ch\u1ea5t l\u01b0\u1ee3ng cao. V\u1edbi t\u00ednh linh ho\u1ea1t, d\u1ec5 c\u1eaft u\u1ed1n v\u00e0 t\u1ea1o h\u00ecnh, th\u00e9p tr\u00f2n tr\u01a1n l\u00e0 l\u1ef1a ch\u1ecdn l\u00fd t\u01b0\u1edfng trong c\u00e1c h\u1ea1ng m\u1ee5c <strong data-start=\"474\" data-end=\"541\">gia c\u00f4ng \u0111ai c\u1ed9t, m\u00f3c neo, c\u1ea5u ki\u1ec7n nh\u1eb9 v\u00e0 c\u00f4ng tr\u00ecnh d\u00e2n d\u1ee5ng.<\/strong><\/p>\n<h3 class=\"\" data-start=\"548\" data-end=\"574\"><strong data-start=\"552\" data-end=\"574\">2. \u01afu \u0111i\u1ec3m n\u1ed5i b\u1eadt<\/strong><\/h3>\n<ul data-start=\"576\" data-end=\"786\">\n<li class=\"\" data-start=\"576\" data-end=\"628\">\n<p class=\"\" data-start=\"578\" data-end=\"628\">B\u1ec1 m\u1eb7t nh\u1eb5n, \u0111\u1ed9 d\u1ebbo cao \u2013 d\u1ec5 u\u1ed1n v\u00e0 t\u1ea1o h\u00ecnh<\/p>\n<\/li>\n<li class=\"\" data-start=\"629\" data-end=\"688\">\n<p class=\"\" data-start=\"631\" data-end=\"688\">\u0110\u1ed9 b\u1ec1n k\u00e9o t\u1ed1t \u2013 ph\u00f9 h\u1ee3p l\u00e0m \u0111ai th\u00e9p, li\u00ean k\u1ebft ph\u1ee5<\/p>\n<\/li>\n<li class=\"\" data-start=\"689\" data-end=\"723\">\n<p class=\"\" data-start=\"691\" data-end=\"723\">D\u1ec5 h\u00e0n, d\u1ec5 gia c\u00f4ng c\u01a1 kh\u00ed<\/p>\n<\/li>\n<li class=\"\" data-start=\"724\" data-end=\"786\">\n<p class=\"\" data-start=\"726\" data-end=\"786\">Gi\u00e1 th\u00e0nh th\u1ea5p h\u01a1n th\u00e9p g\u00e2n \u2013 ti\u1ebft ki\u1ec7m chi ph\u00ed x\u00e2y d\u1ef1ng<\/p>\n<\/li>\n<\/ul>\n<h3 class=\"\" data-start=\"793\" data-end=\"820\"><strong data-start=\"797\" data-end=\"820\">3. \u1ee8ng d\u1ee5ng th\u1ef1c t\u1ebf<\/strong><\/h3>\n<ul data-start=\"822\" data-end=\"1118\">\n<li class=\"\" data-start=\"822\" data-end=\"873\">\n<p class=\"\" data-start=\"824\" data-end=\"873\">L\u00e0m <strong data-start=\"828\" data-end=\"871\">\u0111ai c\u1ed9t, \u0111ai d\u1ea7m, m\u00f3c neo, bu\u1ed9c c\u1ed1p pha<\/strong><\/p>\n<\/li>\n<li class=\"\" data-start=\"874\" data-end=\"930\">\n<p class=\"\" data-start=\"876\" data-end=\"930\">Gia c\u00f4ng <strong data-start=\"885\" data-end=\"928\">m\u1eb7t b\u00edch, bu l\u00f4ng, thanh truy\u1ec1n l\u1ef1c nh\u1eb9<\/strong><\/p>\n<\/li>\n<li class=\"\" data-start=\"931\" data-end=\"989\">\n<p class=\"\" data-start=\"933\" data-end=\"989\">L\u00e0m <strong data-start=\"937\" data-end=\"987\">m\u00f3ng nh\u00e0 d\u00e2n d\u1ee5ng, m\u00f3ng t\u01b0\u1eddng r\u00e0o, s\u00e2n b\u00ea t\u00f4ng<\/strong><\/p>\n<\/li>\n<li class=\"\" data-start=\"990\" data-end=\"1050\">\n<p class=\"\" data-start=\"992\" data-end=\"1050\">Ch\u1ebf t\u1ea1o <strong data-start=\"1000\" data-end=\"1048\">thi\u1ebft b\u1ecb n\u1ed9i th\u1ea5t, gi\u00e0n gi\u00e1o, d\u1ee5ng c\u1ee5 c\u01a1 kh\u00ed<\/strong><\/p>\n<\/li>\n<li class=\"\" data-start=\"1051\" data-end=\"1118\">\n<p class=\"\" data-start=\"1053\" data-end=\"1118\">K\u1ebft c\u1ea5u c\u00f4ng tr\u00ecnh c\u1ea7n <strong data-start=\"1076\" data-end=\"1118\">\u0111\u1ed9 \u0111\u00e0n h\u1ed3i, kh\u00f4ng y\u00eau c\u1ea7u b\u00e1m d\u00ednh cao<\/strong><\/p>\n<\/li>\n<\/ul>\n<h3 class=\"\" data-start=\"1125\" data-end=\"1177\"><strong data-start=\"1129\" data-end=\"1177\">4. B\u1ea3ng quy c\u00e1ch ph\u1ed5 bi\u1ebfn c\u1ee7a Th\u00e9p Tr\u00f2n Tr\u01a1n<\/strong><\/h3>\n<div class=\"_tableContainer_16hzy_1\">\n<div class=\"_tableWrapper_16hzy_14 group flex w-fit flex-col-reverse\" tabindex=\"-1\">\n<table class=\"w-fit min-w-(--thread-content-width)\" style=\"border: 2px solid black; border-collapse: collapse;\">\n<thead>\n<tr>\n<th style=\"border: 1px solid black;\">\u0110\u01b0\u1eddng k\u00ednh danh \u0111\u1ecbnh (mm)<\/th>\n<th style=\"border: 1px solid black;\">Chi\u1ec1u d\u00e0i ti\u00eau chu\u1ea9n (m)<\/th>\n<th style=\"border: 1px solid black;\">Tr\u1ecdng l\u01b0\u1ee3ng (Kg\/c\u00e2y 11.7m)<\/th>\n<th style=\"border: 1px solid black;\">Ti\u00eau chu\u1ea9n<\/th>\n<th style=\"border: 1px solid black;\">M\u00e1c th\u00e9p<\/th>\n<\/tr>\n<\/thead>\n<tbody>\n<tr>\n<td style=\"border: 1px solid black;\">\u00d86<\/td>\n<td style=\"border: 1px solid black;\">Cu\u1ed9n<\/td>\n<td style=\"border: 1px solid black;\">~2.67 Kg\/cu\u1ed9n 100m<\/td>\n<td style=\"border: 1px solid black;\">TCVN 1651-1:2018<\/td>\n<td style=\"border: 1px solid black;\">CB240-T, Q195<\/td>\n<\/tr>\n<tr>\n<td style=\"border: 1px solid black;\">\u00d88<\/td>\n<td style=\"border: 1px solid black;\">Cu\u1ed9n ho\u1eb7c c\u00e2y 11.7m<\/td>\n<td style=\"border: 1px solid black;\">~4.74 Kg<\/td>\n<td style=\"border: 1px solid black;\">TCVN, JIS G3112<\/td>\n<td style=\"border: 1px solid black;\">CB240-T, SD235<\/td>\n<\/tr>\n<tr>\n<td style=\"border: 1px solid black;\">\u00d810<\/td>\n<td style=\"border: 1px solid black;\">C\u00e2y 11.7m<\/td>\n<td style=\"border: 1px solid black;\">~7.4 Kg<\/td>\n<td style=\"border: 1px solid black;\">ASTM A36, BS4449<\/td>\n<td style=\"border: 1px solid black;\">Q235, CT3<\/td>\n<\/tr>\n<tr>\n<td style=\"border: 1px solid black;\">\u00d812 \u2013 \u00d820<\/td>\n<td style=\"border: 1px solid black;\">C\u00e2y 11.7m<\/td>\n<td style=\"border: 1px solid black;\">~10 \u2013 29.6 Kg<\/td>\n<td style=\"border: 1px solid black;\">TCVN, JIS, ASTM<\/td>\n<td style=\"border: 1px solid black;\">SS400, CB300-V<\/td>\n<\/tr>\n<\/tbody>\n<\/table>\n<\/div>\n<\/div>\n<blockquote data-start=\"1953\" data-end=\"2092\">\n<p class=\"\" data-start=\"1955\" data-end=\"2092\">\ud83d\udccc C\u00f3 th\u1ec3 \u0111\u1eb7t c\u1eaft theo y\u00eau c\u1ea7u: 3m, 6m, 9m, 11.7m ho\u1eb7c cu\u1ed9n &gt; 100m.<br data-start=\"2022\" data-end=\"2025\" \/>\ud83d\udccc Nh\u1eadn gia c\u00f4ng s\u01a1n ch\u1ed1ng g\u1ec9, m\u1ea1 k\u1ebdm n\u1ebfu c\u1ea7n s\u1eed d\u1ee5ng ngo\u00e0i tr\u1eddi.<\/p>\n<\/blockquote>\n<h3 class=\"\" data-start=\"2099\" data-end=\"2141\"><strong data-start=\"2103\" data-end=\"2141\">5. Ti\u00eau chu\u1ea9n \u2013 M\u00e1c th\u00e9p \u2013 Xu\u1ea5t x\u1ee9<\/strong><\/h3>\n<ul data-start=\"2143\" data-end=\"2292\">\n<li class=\"\" data-start=\"2143\" data-end=\"2200\">\n<p class=\"\" data-start=\"2145\" data-end=\"2200\"><strong data-start=\"2145\" data-end=\"2160\">Ti\u00eau chu\u1ea9n:<\/strong> TCVN 1651-1:2018, ASTM A36, JIS G3101<\/p>\n<\/li>\n<li class=\"\" data-start=\"2201\" data-end=\"2243\">\n<p class=\"\" data-start=\"2203\" data-end=\"2243\"><strong data-start=\"2203\" data-end=\"2216\">M\u00e1c th\u00e9p:<\/strong> CB240T, Q195, CT3, SS400<\/p>\n<\/li>\n<li class=\"\" data-start=\"2244\" data-end=\"2292\">\n<p class=\"\" data-start=\"2246\" data-end=\"2292\"><strong data-start=\"2246\" data-end=\"2258\">Xu\u1ea5t x\u1ee9:<\/strong> Vi\u1ec7t Nam, Trung Qu\u1ed1c, H\u00e0n Qu\u1ed1c&#8230;<\/p>\n<\/li>\n<\/ul>\n<h3 class=\"\" data-start=\"2299\" data-end=\"2330\"><strong data-start=\"2303\" data-end=\"2330\">6. Cam k\u1ebft t\u1eeb ch\u00fang t\u00f4i<\/strong><\/h3>\n<p class=\"\" data-start=\"2332\" data-end=\"2571\">H\u00e0ng ch\u00ednh h\u00e3ng \u2013 CO\/CQ \u0111\u1ea7y \u0111\u1ee7, \u0111\u00fang \u0111\u01b0\u1eddng k\u00ednh v\u00e0 tr\u1ecdng l\u01b0\u1ee3ng<br data-start=\"2396\" data-end=\"2399\" \/>Giao h\u00e0ng nhanh \u2013 nh\u1eadn c\u1eaft theo y\u00eau c\u1ea7u c\u00f4ng tr\u00ecnh<br data-start=\"2451\" data-end=\"2454\" \/>T\u01b0 v\u1ea5n mi\u1ec5n ph\u00ed \u2013 h\u1ed7 tr\u1ee3 ch\u1ecdn m\u00e1c th\u00e9p v\u00e0 \u0111\u01b0\u1eddng k\u00ednh ph\u00f9 h\u1ee3p<br data-start=\"2516\" data-end=\"2519\" \/>Gi\u00e1 t\u1ed1t \u2013 chi\u1ebft kh\u1ea5u cao cho \u0111\u01a1n h\u00e0ng s\u1ed1 l\u01b0\u1ee3ng l\u1edbn<\/p>\n","protected":false},"excerpt":{"rendered":"<p><strong>\u0110\u01a1n h\u00e0ng t\u1ed1i thi\u1ec3u:\u00a0<\/strong>Li\u00ean h\u1ec7<\/p>\n<p><strong>Kh\u1ea3 n\u0103ng cung c\u1ea5p:\u00a0<\/strong>Li\u00ean h\u1ec7<\/p>\n<p><strong>Giao h\u00e0ng:\u00a0<\/strong>To\u00e0n Qu\u1ed1c<\/p>\n<p><strong>Thanh to\u00e1n:\u00a0<\/strong>Linh ho\u1ea1t<\/p>\n<p><strong>T\u00f3m t\u1eaft:\u00a0<\/strong>Th\u00e9p x\u00e2y d\u1ef1ng c\u00f3 nhi\u1ec1u \u0111\u1eb7c t\u00ednh v\u01b0\u1ee3t tr\u1ed9i nh\u01b0 \u0111\u1ed9 b\u1ec1n, ch\u1ecbu l\u1ef1c t\u1ed1t v\u00e0 \u0111\u1ed9 co d\u00e3n nh\u1ecf khi ch\u1ecbu t\u1ea3i tr\u1ecdng. Nh\u1edd nh\u1eefng t\u00ednh ch\u1ea5t n\u00e0y, n\u00f3 \u0111\u01b0\u1ee3c s\u1eed d\u1ee5ng \u0111\u1ec3 x\u00e2y d\u1ef1ng c\u00e1c c\u00f4ng tr\u00ecnh nh\u01b0 nh\u00e0 cao t\u1ea7ng, c\u1ea7u, nh\u00e0 x\u01b0\u1edfng, nh\u00e0 th\u00e9p ti\u1ec1n ch\u1ebf, v\u00e0 nhi\u1ec1u lo\u1ea1i c\u1ea5u tr\u00fac kh\u00e1c.<\/p>\n","protected":false},"featured_media":2227,"comment_status":"open","ping_status":"closed","template":"","meta":{"inline_featured_image":false},"product_brand":[],"product_cat":[21],"product_tag":[],"class_list":{"0":"post-2247","1":"product","2":"type-product","3":"status-publish","4":"has-post-thumbnail","6":"product_cat-thep-xay-dung","8":"first","9":"instock","10":"shipping-taxable","11":"product-type-simple"},"_links":{"self":[{"href":"https:\/\/thepnguyenphat.com\/index.php?rest_route=\/wp\/v2\/product\/2247","targetHints":{"allow":["GET"]}}],"collection":[{"href":"https:\/\/thepnguyenphat.com\/index.php?rest_route=\/wp\/v2\/product"}],"about":[{"href":"https:\/\/thepnguyenphat.com\/index.php?rest_route=\/wp\/v2\/types\/product"}],"replies":[{"embeddable":true,"href":"https:\/\/thepnguyenphat.com\/index.php?rest_route=%2Fwp%2Fv2%2Fcomments&post=2247"}],"wp:featuredmedia":[{"embeddable":true,"href":"https:\/\/thepnguyenphat.com\/index.php?rest_route=\/wp\/v2\/media\/2227"}],"wp:attachment":[{"href":"https:\/\/thepnguyenphat.com\/index.php?rest_route=%2Fwp%2Fv2%2Fmedia&parent=2247"}],"wp:term":[{"taxonomy":"product_brand","embeddable":true,"href":"https:\/\/thepnguyenphat.com\/index.php?rest_route=%2Fwp%2Fv2%2Fproduct_brand&post=2247"},{"taxonomy":"product_cat","embeddable":true,"href":"https:\/\/thepnguyenphat.com\/index.php?rest_route=%2Fwp%2Fv2%2Fproduct_cat&post=2247"},{"taxonomy":"product_tag","embeddable":true,"href":"https:\/\/thepnguyenphat.com\/index.php?rest_route=%2Fwp%2Fv2%2Fproduct_tag&post=2247"}],"curies":[{"name":"wp","href":"https:\/\/api.w.org\/{rel}","templated":true}]}}