{"id":3922,"date":"2025-07-08T16:16:59","date_gmt":"2025-07-08T16:16:59","guid":{"rendered":"https:\/\/thepnguyenphat.com\/?post_type=product&#038;p=3922"},"modified":"2025-10-12T03:21:18","modified_gmt":"2025-10-12T03:21:18","slug":"thep-cacbon-carbon-steel","status":"publish","type":"product","link":"https:\/\/thepnguyenphat.com\/?product=thep-cacbon-carbon-steel","title":{"rendered":"Th\u00e9p C45 (S45C, CT45)"},"content":{"rendered":"<p data-start=\"261\" data-end=\"413\"><strong data-start=\"261\" data-end=\"279\">\u0110\u1eb7c \u0111i\u1ec3m chung<\/strong>:<br data-start=\"280\" data-end=\"283\" \/>Th\u00e9p C45 l\u00e0 lo\u1ea1i th\u00e9p carbon trung b\u00ecnh kh\u00f4ng h\u1ee3p kim, d\u1ec5 gia c\u00f4ng, c\u00f3 \u0111\u1ed9 c\u1ee9ng \u2013 \u0111\u1ed9 b\u1ec1n v\u1eeba ph\u1ea3i, d\u1ec5 t\u00f4i c\u1ea3i thi\u1ec7n \u0111\u1ed9 c\u1ee9ng b\u1ec1 m\u1eb7t.<\/p>\n<h3 data-start=\"415\" data-end=\"449\">\ud83d\udd2c <strong data-start=\"422\" data-end=\"449\">Th\u00e0nh ph\u1ea7n h\u00f3a h\u1ecdc (%):<\/strong><\/h3>\n<div class=\"_tableContainer_80l1q_1\">\n<div class=\"_tableWrapper_80l1q_14 group flex w-fit flex-col-reverse\" tabindex=\"-1\">\n<table class=\"w-fit min-w-(--thread-content-width)\" style=\"border: 1px solid #333; border-collapse: collapse;\" data-start=\"450\" data-end=\"671\">\n<thead data-start=\"450\" data-end=\"521\">\n<tr data-start=\"450\" data-end=\"521\">\n<th style=\"border: 1px solid #333; padding: 8px 12px; background-color: #f9f9f9; text-align: center;\" data-start=\"450\" data-end=\"463\" data-col-size=\"sm\">C (Carbon)<\/th>\n<th style=\"border: 1px solid #333; padding: 8px 12px; background-color: #f9f9f9; text-align: center;\" data-start=\"463\" data-end=\"477\" data-col-size=\"sm\">Mn (Mangan)<\/th>\n<th style=\"border: 1px solid #333; padding: 8px 12px; background-color: #f9f9f9; text-align: center;\" data-start=\"477\" data-end=\"492\" data-col-size=\"sm\">Si (Silicon)<\/th>\n<th style=\"border: 1px solid #333; padding: 8px 12px; background-color: #f9f9f9; text-align: center;\" data-start=\"492\" data-end=\"507\" data-col-size=\"sm\">P (Phosphor)<\/th>\n<th style=\"border: 1px solid #333; padding: 8px 12px; background-color: #f9f9f9; text-align: center;\" data-start=\"507\" data-end=\"521\" data-col-size=\"sm\">S (Sulfur)<\/th>\n<\/tr>\n<\/thead>\n<tbody data-start=\"597\" data-end=\"671\">\n<tr data-start=\"597\" data-end=\"671\">\n<td style=\"border: 1px solid #333; padding: 8px 12px; text-align: center;\" data-start=\"597\" data-end=\"610\" data-col-size=\"sm\">0.42\u20130.50<\/td>\n<td style=\"border: 1px solid #333; padding: 8px 12px; text-align: center;\" data-col-size=\"sm\" data-start=\"610\" data-end=\"625\">0.50\u20130.80<\/td>\n<td style=\"border: 1px solid #333; padding: 8px 12px; text-align: center;\" data-col-size=\"sm\" data-start=\"625\" data-end=\"640\">0.15\u20130.35<\/td>\n<td style=\"border: 1px solid #333; padding: 8px 12px; text-align: center;\" data-col-size=\"sm\" data-start=\"640\" data-end=\"656\">\u2264 0.035<\/td>\n<td style=\"border: 1px solid #333; padding: 8px 12px; text-align: center;\" data-col-size=\"sm\" data-start=\"656\" data-end=\"671\">\u2264 0.035<\/td>\n<\/tr>\n<\/tbody>\n<\/table>\n<div class=\"sticky end-(--thread-content-margin) h-0 self-end select-none\">\n<div class=\"absolute end-0 flex items-end\"><\/div>\n<\/div>\n<\/div>\n<\/div>\n<h3 data-start=\"673\" data-end=\"705\">\ud83d\udcc8 <strong data-start=\"680\" data-end=\"705\">C\u01a1 l\u00fd t\u00ednh \u0111i\u1ec3n h\u00ecnh:<\/strong><\/h3>\n<div class=\"_tableContainer_80l1q_1\">\n<div class=\"_tableWrapper_80l1q_14 group flex w-fit flex-col-reverse\" tabindex=\"-1\">\n<table class=\"w-fit min-w-(--thread-content-width)\" style=\"border: 1px solid #333; border-collapse: collapse;\" data-start=\"706\" data-end=\"1067\">\n<thead data-start=\"706\" data-end=\"766\">\n<tr data-start=\"706\" data-end=\"766\">\n<th style=\"border: 1px solid #333; padding: 8px 12px; background-color: #f9f9f9; text-align: center;\" data-start=\"706\" data-end=\"735\" data-col-size=\"sm\">T\u00ednh ch\u1ea5t<\/th>\n<th style=\"border: 1px solid #333; padding: 8px 12px; background-color: #f9f9f9; text-align: center;\" data-start=\"735\" data-end=\"766\" data-col-size=\"sm\">Gi\u00e1 tr\u1ecb (sau t\u00f4i d\u1ea7u)<\/th>\n<\/tr>\n<\/thead>\n<tbody data-start=\"827\" data-end=\"1067\">\n<tr data-start=\"827\" data-end=\"886\">\n<td style=\"border: 1px solid #333; padding: 8px 12px; text-align: center;\" data-start=\"827\" data-end=\"855\" data-col-size=\"sm\">\u0110\u1ed9 b\u1ec1n k\u00e9o (Tensile)<\/td>\n<td style=\"border: 1px solid #333; padding: 8px 12px; text-align: center;\" data-col-size=\"sm\" data-start=\"855\" data-end=\"886\">600\u2013750 MPa<\/td>\n<\/tr>\n<tr data-start=\"887\" data-end=\"946\">\n<td style=\"border: 1px solid #333; padding: 8px 12px; text-align: center;\" data-start=\"887\" data-end=\"915\" data-col-size=\"sm\">Gi\u1edbi h\u1ea1n ch\u1ea3y (Yield)<\/td>\n<td style=\"border: 1px solid #333; padding: 8px 12px; text-align: center;\" data-col-size=\"sm\" data-start=\"915\" data-end=\"946\">350\u2013500 MPa<\/td>\n<\/tr>\n<tr data-start=\"947\" data-end=\"1007\">\n<td style=\"border: 1px solid #333; padding: 8px 12px; text-align: center;\" data-start=\"947\" data-end=\"976\" data-col-size=\"sm\">\u0110\u1ed9 gi\u00e3n d\u00e0i<\/td>\n<td style=\"border: 1px solid #333; padding: 8px 12px; text-align: center;\" data-col-size=\"sm\" data-start=\"976\" data-end=\"1007\">~16\u201318%<\/td>\n<\/tr>\n<tr data-start=\"1008\" data-end=\"1067\">\n<td style=\"border: 1px solid #333; padding: 8px 12px; text-align: center;\" data-start=\"1008\" data-end=\"1036\" data-col-size=\"sm\">\u0110\u1ed9 c\u1ee9ng sau t\u00f4i<\/td>\n<td style=\"border: 1px solid #333; padding: 8px 12px; text-align: center;\" data-col-size=\"sm\" data-start=\"1036\" data-end=\"1067\">50\u201355 HRC<\/td>\n<\/tr>\n<\/tbody>\n<\/table>\n<\/div>\n<\/div>\n","protected":false},"excerpt":{"rendered":"<p><strong>\u0110\u01a1n h\u00e0ng t\u1ed1i thi\u1ec3u:\u00a0<\/strong>Li\u00ean h\u1ec7<\/p>\n<p><strong>Kh\u1ea3 n\u0103ng cung c\u1ea5p:\u00a0<\/strong>Li\u00ean h\u1ec7<\/p>\n<p><strong>Giao h\u00e0ng:\u00a0<\/strong>To\u00e0n qu\u1ed1c<\/p>\n<p><strong>Thanh to\u00e1n:\u00a0<\/strong>Linh ho\u1ea1t<\/p>\n<p><strong>T\u00f3m t\u1eaft:<\/strong>Th\u00e9p ch\u1ebf t\u1ea1o l\u00e0 nh\u00f3m v\u1eadt li\u1ec7u kh\u00f4ng th\u1ec3 thi\u1ebfu trong ng\u00e0nh c\u01a1 kh\u00ed, d\u00f9ng \u0111\u1ec3 s\u1ea3n xu\u1ea5t c\u00e1c chi ti\u1ebft m\u00e1y, linh ki\u1ec7n, tr\u1ee5c truy\u1ec1n \u0111\u1ed9ng, b\u00e1nh r\u0103ng, khu\u00f4n m\u1eabu v\u00e0 nhi\u1ec1u \u1ee9ng d\u1ee5ng c\u00f4ng nghi\u1ec7p quan tr\u1ecdng kh\u00e1c. V\u1edbi \u0111\u1eb7c t\u00ednh c\u01a1 l\u00fd v\u01b0\u1ee3t tr\u1ed9i, kh\u1ea3 n\u0103ng ch\u1ecbu l\u1ef1c, ch\u1ecbu m\u00e0i m\u00f2n v\u00e0 d\u1ec5 gia c\u00f4ng, th\u00e9p ch\u1ebf t\u1ea1o \u0111\u01b0\u1ee3c xem l\u00e0 &#8220;tr\u00e1i tim&#8221; c\u1ee7a ng\u00e0nh s\u1ea3n xu\u1ea5t c\u01a1 kh\u00ed hi\u1ec7n \u0111\u1ea1i.<\/p>\n","protected":false},"featured_media":3926,"comment_status":"open","ping_status":"closed","template":"","meta":{"inline_featured_image":false},"product_brand":[],"product_cat":[97],"product_tag":[],"class_list":{"0":"post-3922","1":"product","2":"type-product","3":"status-publish","4":"has-post-thumbnail","6":"product_cat-thep-che-tao","8":"first","9":"instock","10":"shipping-taxable","11":"product-type-simple"},"_links":{"self":[{"href":"https:\/\/thepnguyenphat.com\/index.php?rest_route=\/wp\/v2\/product\/3922","targetHints":{"allow":["GET"]}}],"collection":[{"href":"https:\/\/thepnguyenphat.com\/index.php?rest_route=\/wp\/v2\/product"}],"about":[{"href":"https:\/\/thepnguyenphat.com\/index.php?rest_route=\/wp\/v2\/types\/product"}],"replies":[{"embeddable":true,"href":"https:\/\/thepnguyenphat.com\/index.php?rest_route=%2Fwp%2Fv2%2Fcomments&post=3922"}],"wp:featuredmedia":[{"embeddable":true,"href":"https:\/\/thepnguyenphat.com\/index.php?rest_route=\/wp\/v2\/media\/3926"}],"wp:attachment":[{"href":"https:\/\/thepnguyenphat.com\/index.php?rest_route=%2Fwp%2Fv2%2Fmedia&parent=3922"}],"wp:term":[{"taxonomy":"product_brand","embeddable":true,"href":"https:\/\/thepnguyenphat.com\/index.php?rest_route=%2Fwp%2Fv2%2Fproduct_brand&post=3922"},{"taxonomy":"product_cat","embeddable":true,"href":"https:\/\/thepnguyenphat.com\/index.php?rest_route=%2Fwp%2Fv2%2Fproduct_cat&post=3922"},{"taxonomy":"product_tag","embeddable":true,"href":"https:\/\/thepnguyenphat.com\/index.php?rest_route=%2Fwp%2Fv2%2Fproduct_tag&post=3922"}],"curies":[{"name":"wp","href":"https:\/\/api.w.org\/{rel}","templated":true}]}}