{"id":3943,"date":"2025-07-10T10:39:19","date_gmt":"2025-07-10T10:39:19","guid":{"rendered":"https:\/\/thepnguyenphat.com\/?post_type=product&#038;p=3943"},"modified":"2025-09-30T20:23:31","modified_gmt":"2025-09-30T20:23:31","slug":"thep-s50c-s55c","status":"publish","type":"product","link":"https:\/\/thepnguyenphat.com\/?product=thep-s50c-s55c","title":{"rendered":"Th\u00e9p S50C \/ S55C"},"content":{"rendered":"<h3><strong data-start=\"2842\" data-end=\"2865\">Th\u00e9p S50C \/ S55C<\/strong> \u2013 Th\u00e9p Carbon Trung B\u00ecnh Cao C\u1ee9ng<\/h3>\n<p data-start=\"2901\" data-end=\"3030\"><strong data-start=\"2901\" data-end=\"2919\">\u0110\u1eb7c \u0111i\u1ec3m chung<\/strong>:<br data-start=\"2920\" data-end=\"2923\" \/>L\u00e0 th\u00e9p carbon trung b\u00ecnh t\u01b0\u01a1ng t\u1ef1 C45 nh\u01b0ng c\u00f3 h\u00e0m l\u01b0\u1ee3ng carbon cao h\u01a1n, t\u0103ng \u0111\u1ed9 c\u1ee9ng v\u00e0 ch\u1ecbu l\u1ef1c t\u1ed1t h\u01a1n.<\/p>\n<h3 data-start=\"3032\" data-end=\"3066\">\ud83d\udd2c <strong data-start=\"3039\" data-end=\"3066\">Th\u00e0nh ph\u1ea7n h\u00f3a h\u1ecdc (%):<\/strong><\/h3>\n<div class=\"_tableContainer_80l1q_1\">\n<div class=\"_tableWrapper_80l1q_14 group flex w-fit flex-col-reverse\" tabindex=\"-1\">\n<table class=\"w-fit min-w-(--thread-content-width)\" style=\"border: 1px solid #333; border-collapse: collapse;\" data-start=\"3067\" data-end=\"3226\">\n<thead data-start=\"3067\" data-end=\"3117\">\n<tr data-start=\"3067\" data-end=\"3117\">\n<th style=\"border: 1px solid #333; padding: 8px 12px; background-color: #f9f9f9; text-align: center;\" data-start=\"3067\" data-end=\"3077\" data-col-size=\"sm\">C<\/th>\n<th style=\"border: 1px solid #333; padding: 8px 12px; background-color: #f9f9f9; text-align: center;\" data-start=\"3077\" data-end=\"3087\" data-col-size=\"sm\">Mn<\/th>\n<th style=\"border: 1px solid #333; padding: 8px 12px; background-color: #f9f9f9; text-align: center;\" data-start=\"3087\" data-end=\"3096\" data-col-size=\"sm\">Si<\/th>\n<th style=\"border: 1px solid #333; padding: 8px 12px; background-color: #f9f9f9; text-align: center;\" data-start=\"3096\" data-end=\"3106\" data-col-size=\"sm\">P<\/th>\n<th style=\"border: 1px solid #333; padding: 8px 12px; background-color: #f9f9f9; text-align: center;\" data-start=\"3106\" data-end=\"3117\" data-col-size=\"sm\">S<\/th>\n<\/tr>\n<\/thead>\n<tbody data-start=\"3169\" data-end=\"3226\">\n<tr data-start=\"3169\" data-end=\"3226\">\n<td style=\"border: 1px solid #333; padding: 8px 12px; text-align: center;\" data-start=\"3169\" data-end=\"3181\" data-col-size=\"sm\">0.47\u20130.55<\/td>\n<td style=\"border: 1px solid #333; padding: 8px 12px; text-align: center;\" data-start=\"3181\" data-end=\"3193\" data-col-size=\"sm\">0.60\u20130.90<\/td>\n<td style=\"border: 1px solid #333; padding: 8px 12px; text-align: center;\" data-start=\"3193\" data-end=\"3205\" data-col-size=\"sm\">0.15\u20130.35<\/td>\n<td style=\"border: 1px solid #333; padding: 8px 12px; text-align: center;\" data-start=\"3205\" data-end=\"3215\" data-col-size=\"sm\">\u2264 0.030<\/td>\n<td style=\"border: 1px solid #333; padding: 8px 12px; text-align: center;\" data-start=\"3215\" data-end=\"3226\" data-col-size=\"sm\">\u2264 0.035<\/td>\n<\/tr>\n<\/tbody>\n<\/table>\n<div class=\"sticky end-(--thread-content-margin) h-0 self-end select-none\">\n<div class=\"absolute end-0 flex items-end\"><\/div>\n<\/div>\n<\/div>\n<\/div>\n<h3 data-start=\"3228\" data-end=\"3260\">\ud83d\udcc8 <strong data-start=\"3235\" data-end=\"3260\">C\u01a1 l\u00fd t\u00ednh \u0111i\u1ec3n h\u00ecnh:<\/strong><\/h3>\n<div class=\"_tableContainer_80l1q_1\">\n<div class=\"_tableWrapper_80l1q_14 group flex w-fit flex-col-reverse\" tabindex=\"-1\">\n<table class=\"w-fit min-w-(--thread-content-width)\" style=\"border: 1px solid #333; border-collapse: collapse;\" data-start=\"3261\" data-end=\"3621\">\n<thead data-start=\"3261\" data-end=\"3321\">\n<tr data-start=\"3261\" data-end=\"3321\">\n<th style=\"border: 1px solid #333; padding: 8px 12px; background-color: #f0f0f0; text-align: center;\" data-start=\"3261\" data-end=\"3290\" data-col-size=\"sm\">T\u00ednh ch\u1ea5t<\/th>\n<th style=\"border: 1px solid #333; padding: 8px 12px; background-color: #f0f0f0; text-align: center;\" data-start=\"3290\" data-end=\"3321\" data-col-size=\"sm\">Gi\u00e1 tr\u1ecb<\/th>\n<\/tr>\n<\/thead>\n<tbody data-start=\"3382\" data-end=\"3621\">\n<tr data-start=\"3382\" data-end=\"3441\">\n<td style=\"border: 1px solid #333; padding: 8px 12px; text-align: center;\" data-start=\"3382\" data-end=\"3410\" data-col-size=\"sm\">\u0110\u1ed9 b\u1ec1n k\u00e9o<\/td>\n<td style=\"border: 1px solid #333; padding: 8px 12px; text-align: center;\" data-start=\"3410\" data-end=\"3441\" data-col-size=\"sm\">650\u2013800 MPa<\/td>\n<\/tr>\n<tr data-start=\"3442\" data-end=\"3501\">\n<td style=\"border: 1px solid #333; padding: 8px 12px; text-align: center;\" data-start=\"3442\" data-end=\"3470\" data-col-size=\"sm\">Gi\u1edbi h\u1ea1n ch\u1ea3y<\/td>\n<td style=\"border: 1px solid #333; padding: 8px 12px; text-align: center;\" data-start=\"3470\" data-end=\"3501\" data-col-size=\"sm\">400\u2013550 MPa<\/td>\n<\/tr>\n<tr data-start=\"3502\" data-end=\"3561\">\n<td style=\"border: 1px solid #333; padding: 8px 12px; text-align: center;\" data-start=\"3502\" data-end=\"3530\" data-col-size=\"sm\">\u0110\u1ed9 gi\u00e3n d\u00e0i<\/td>\n<td style=\"border: 1px solid #333; padding: 8px 12px; text-align: center;\" data-start=\"3530\" data-end=\"3561\" data-col-size=\"sm\">~15%<\/td>\n<\/tr>\n<tr data-start=\"3562\" data-end=\"3621\">\n<td style=\"border: 1px solid #333; padding: 8px 12px; text-align: center;\" data-start=\"3562\" data-end=\"3590\" data-col-size=\"sm\">\u0110\u1ed9 c\u1ee9ng sau t\u00f4i<\/td>\n<td style=\"border: 1px solid #333; padding: 8px 12px; text-align: center;\" data-start=\"3590\" data-end=\"3621\" data-col-size=\"sm\">55\u201360 HRC<\/td>\n<\/tr>\n<\/tbody>\n<\/table>\n<\/div>\n<\/div>\n","protected":false},"excerpt":{"rendered":"<p><strong>\u0110\u01a1n h\u00e0ng t\u1ed1i thi\u1ec3u:\u00a0<\/strong>Li\u00ean h\u1ec7<\/p>\n<p><strong>Kh\u1ea3 n\u0103ng cung c\u1ea5p:\u00a0<\/strong>Li\u00ean h\u1ec7<\/p>\n<p><strong>Giao h\u00e0ng:\u00a0<\/strong>To\u00e0n qu\u1ed1c<\/p>\n<p><strong>Thanh to\u00e1n:\u00a0<\/strong>Linh ho\u1ea1t<\/p>\n<p><strong>T\u00f3m t\u1eaft:<\/strong>Th\u00e9p ch\u1ebf t\u1ea1o l\u00e0 nh\u00f3m v\u1eadt li\u1ec7u kh\u00f4ng th\u1ec3 thi\u1ebfu trong ng\u00e0nh c\u01a1 kh\u00ed, d\u00f9ng \u0111\u1ec3 s\u1ea3n xu\u1ea5t c\u00e1c chi ti\u1ebft m\u00e1y, linh ki\u1ec7n, tr\u1ee5c truy\u1ec1n \u0111\u1ed9ng, b\u00e1nh r\u0103ng, khu\u00f4n m\u1eabu v\u00e0 nhi\u1ec1u \u1ee9ng d\u1ee5ng c\u00f4ng nghi\u1ec7p quan tr\u1ecdng kh\u00e1c. V\u1edbi \u0111\u1eb7c t\u00ednh c\u01a1 l\u00fd v\u01b0\u1ee3t tr\u1ed9i, kh\u1ea3 n\u0103ng ch\u1ecbu l\u1ef1c, ch\u1ecbu m\u00e0i m\u00f2n v\u00e0 d\u1ec5 gia c\u00f4ng, th\u00e9p ch\u1ebf t\u1ea1o \u0111\u01b0\u1ee3c xem l\u00e0 &#8220;tr\u00e1i tim&#8221; c\u1ee7a ng\u00e0nh s\u1ea3n xu\u1ea5t c\u01a1 kh\u00ed hi\u1ec7n \u0111\u1ea1i.<\/p>\n","protected":false},"featured_media":3927,"comment_status":"open","ping_status":"closed","template":"","meta":{"inline_featured_image":false},"product_brand":[],"product_cat":[97],"product_tag":[],"class_list":{"0":"post-3943","1":"product","2":"type-product","3":"status-publish","4":"has-post-thumbnail","6":"product_cat-thep-che-tao","8":"first","9":"instock","10":"shipping-taxable","11":"product-type-simple"},"_links":{"self":[{"href":"https:\/\/thepnguyenphat.com\/index.php?rest_route=\/wp\/v2\/product\/3943","targetHints":{"allow":["GET"]}}],"collection":[{"href":"https:\/\/thepnguyenphat.com\/index.php?rest_route=\/wp\/v2\/product"}],"about":[{"href":"https:\/\/thepnguyenphat.com\/index.php?rest_route=\/wp\/v2\/types\/product"}],"replies":[{"embeddable":true,"href":"https:\/\/thepnguyenphat.com\/index.php?rest_route=%2Fwp%2Fv2%2Fcomments&post=3943"}],"wp:featuredmedia":[{"embeddable":true,"href":"https:\/\/thepnguyenphat.com\/index.php?rest_route=\/wp\/v2\/media\/3927"}],"wp:attachment":[{"href":"https:\/\/thepnguyenphat.com\/index.php?rest_route=%2Fwp%2Fv2%2Fmedia&parent=3943"}],"wp:term":[{"taxonomy":"product_brand","embeddable":true,"href":"https:\/\/thepnguyenphat.com\/index.php?rest_route=%2Fwp%2Fv2%2Fproduct_brand&post=3943"},{"taxonomy":"product_cat","embeddable":true,"href":"https:\/\/thepnguyenphat.com\/index.php?rest_route=%2Fwp%2Fv2%2Fproduct_cat&post=3943"},{"taxonomy":"product_tag","embeddable":true,"href":"https:\/\/thepnguyenphat.com\/index.php?rest_route=%2Fwp%2Fv2%2Fproduct_tag&post=3943"}],"curies":[{"name":"wp","href":"https:\/\/api.w.org\/{rel}","templated":true}]}}