{"id":3946,"date":"2025-07-10T10:44:02","date_gmt":"2025-07-10T10:44:02","guid":{"rendered":"https:\/\/thepnguyenphat.com\/?post_type=product&#038;p=3946"},"modified":"2025-10-10T12:46:50","modified_gmt":"2025-10-10T12:46:50","slug":"thep-40cr","status":"publish","type":"product","link":"https:\/\/thepnguyenphat.com\/?product=thep-40cr","title":{"rendered":"Th\u00e9p 40Cr"},"content":{"rendered":"<h3><strong data-start=\"3634\" data-end=\"3674\">Th\u00e9p 40Cr (T\u01b0\u01a1ng \u0111\u01b0\u01a1ng AISI 5140)<\/strong> \u2013 H\u1ee3p Kim Chrome \u1ee8ng D\u1ee5ng Truy\u1ec1n \u0110\u1ed9ng<\/h3>\n<p data-start=\"3714\" data-end=\"3858\"><strong data-start=\"3714\" data-end=\"3732\">\u0110\u1eb7c \u0111i\u1ec3m chung<\/strong>:<br data-start=\"3733\" data-end=\"3736\" \/>40Cr l\u00e0 th\u00e9p h\u1ee3p kim ph\u1ed5 bi\u1ebfn trong c\u01a1 kh\u00ed ch\u1ebf t\u1ea1o, c\u00f3 \u0111\u1ed9 b\u1ec1n v\u00e0 \u0111\u1ed9 c\u1ee9ng cao, d\u00f9ng l\u00e0m chi ti\u1ebft m\u00e1y c\u00f3 y\u00eau c\u1ea7u c\u01a1 h\u1ecdc l\u1edbn.<\/p>\n<h3 data-start=\"3860\" data-end=\"3894\">\ud83d\udd2c <strong data-start=\"3867\" data-end=\"3894\">Th\u00e0nh ph\u1ea7n h\u00f3a h\u1ecdc (%):<\/strong><\/h3>\n<div class=\"_tableContainer_80l1q_1\">\n<div class=\"_tableWrapper_80l1q_14 group flex w-fit flex-col-reverse\" tabindex=\"-1\">\n<table class=\"w-fit min-w-(--thread-content-width)\" style=\"border: 1px solid #333; border-collapse: collapse;\" data-start=\"3895\" data-end=\"4062\">\n<thead data-start=\"3895\" data-end=\"3946\">\n<tr data-start=\"3895\" data-end=\"3946\">\n<th style=\"border: 1px solid #333; padding: 8px 12px; background-color: #f9f9f9; text-align: center;\" data-start=\"3895\" data-end=\"3905\" data-col-size=\"sm\">C<\/th>\n<th style=\"border: 1px solid #333; padding: 8px 12px; background-color: #f9f9f9; text-align: center;\" data-start=\"3905\" data-end=\"3915\" data-col-size=\"sm\">Cr<\/th>\n<th style=\"border: 1px solid #333; padding: 8px 12px; background-color: #f9f9f9; text-align: center;\" data-start=\"3915\" data-end=\"3924\" data-col-size=\"sm\">Mn<\/th>\n<th style=\"border: 1px solid #333; padding: 8px 12px; background-color: #f9f9f9; text-align: center;\" data-start=\"3924\" data-end=\"3933\" data-col-size=\"sm\">Si<\/th>\n<th style=\"border: 1px solid #333; padding: 8px 12px; background-color: #f9f9f9; text-align: center;\" data-start=\"3933\" data-end=\"3946\" data-col-size=\"sm\">P + S<\/th>\n<\/tr>\n<\/thead>\n<tbody data-start=\"3999\" data-end=\"4062\">\n<tr data-start=\"3999\" data-end=\"4062\">\n<td style=\"border: 1px solid #333; padding: 8px 12px; text-align: center;\" data-start=\"3999\" data-end=\"4011\" data-col-size=\"sm\">0.37\u20130.45<\/td>\n<td style=\"border: 1px solid #333; padding: 8px 12px; text-align: center;\" data-start=\"4011\" data-end=\"4023\" data-col-size=\"sm\">0.80\u20131.10<\/td>\n<td style=\"border: 1px solid #333; padding: 8px 12px; text-align: center;\" data-start=\"4023\" data-end=\"4035\" data-col-size=\"sm\">0.50\u20130.80<\/td>\n<td style=\"border: 1px solid #333; padding: 8px 12px; text-align: center;\" data-start=\"4035\" data-end=\"4047\" data-col-size=\"sm\">0.17\u20130.37<\/td>\n<td style=\"border: 1px solid #333; padding: 8px 12px; text-align: center;\" data-start=\"4047\" data-end=\"4062\" data-col-size=\"sm\">\u2264 0.030<\/td>\n<\/tr>\n<\/tbody>\n<\/table>\n<div class=\"sticky end-(--thread-content-margin) h-0 self-end select-none\">\n<div class=\"absolute end-0 flex items-end\"><\/div>\n<\/div>\n<\/div>\n<\/div>\n<h3 data-start=\"4064\" data-end=\"4096\">\ud83d\udcc8 <strong data-start=\"4071\" data-end=\"4096\">C\u01a1 l\u00fd t\u00ednh \u0111i\u1ec3n h\u00ecnh:<\/strong><\/h3>\n<div class=\"_tableContainer_80l1q_1\">\n<div class=\"_tableWrapper_80l1q_14 group flex w-fit flex-col-reverse\" tabindex=\"-1\">\n<table class=\"w-fit min-w-(--thread-content-width)\" style=\"border: 1px solid #333; border-collapse: collapse;\" data-start=\"4097\" data-end=\"4457\">\n<thead data-start=\"4097\" data-end=\"4157\">\n<tr data-start=\"4097\" data-end=\"4157\">\n<th style=\"border: 1px solid #333; padding: 8px 12px; background-color: #f0f0f0; text-align: center;\" data-start=\"4097\" data-end=\"4126\" data-col-size=\"sm\">T\u00ednh ch\u1ea5t<\/th>\n<th style=\"border: 1px solid #333; padding: 8px 12px; background-color: #f0f0f0; text-align: center;\" data-start=\"4126\" data-end=\"4157\" data-col-size=\"sm\">Gi\u00e1 tr\u1ecb<\/th>\n<\/tr>\n<\/thead>\n<tbody data-start=\"4218\" data-end=\"4457\">\n<tr data-start=\"4218\" data-end=\"4277\">\n<td style=\"border: 1px solid #333; padding: 8px 12px; text-align: center;\" data-start=\"4218\" data-end=\"4246\" data-col-size=\"sm\">\u0110\u1ed9 b\u1ec1n k\u00e9o<\/td>\n<td style=\"border: 1px solid #333; padding: 8px 12px; text-align: center;\" data-start=\"4246\" data-end=\"4277\" data-col-size=\"sm\">900\u20131000 MPa<\/td>\n<\/tr>\n<tr data-start=\"4278\" data-end=\"4337\">\n<td style=\"border: 1px solid #333; padding: 8px 12px; text-align: center;\" data-start=\"4278\" data-end=\"4306\" data-col-size=\"sm\">Gi\u1edbi h\u1ea1n ch\u1ea3y<\/td>\n<td style=\"border: 1px solid #333; padding: 8px 12px; text-align: center;\" data-start=\"4306\" data-end=\"4337\" data-col-size=\"sm\">600\u2013800 MPa<\/td>\n<\/tr>\n<tr data-start=\"4338\" data-end=\"4397\">\n<td style=\"border: 1px solid #333; padding: 8px 12px; text-align: center;\" data-start=\"4338\" data-end=\"4366\" data-col-size=\"sm\">\u0110\u1ed9 c\u1ee9ng sau t\u00f4i<\/td>\n<td style=\"border: 1px solid #333; padding: 8px 12px; text-align: center;\" data-start=\"4366\" data-end=\"4397\" data-col-size=\"sm\">50\u201358 HRC<\/td>\n<\/tr>\n<tr data-start=\"4398\" data-end=\"4457\">\n<td style=\"border: 1px solid #333; padding: 8px 12px; text-align: center;\" data-start=\"4398\" data-end=\"4426\" data-col-size=\"sm\">\u0110\u1ed9 gi\u00e3n d\u00e0i<\/td>\n<td style=\"border: 1px solid #333; padding: 8px 12px; text-align: center;\" data-start=\"4426\" data-end=\"4457\" data-col-size=\"sm\">10\u201315%<\/td>\n<\/tr>\n<\/tbody>\n<\/table>\n<\/div>\n<\/div>\n","protected":false},"excerpt":{"rendered":"<p><strong>\u0110\u01a1n h\u00e0ng t\u1ed1i thi\u1ec3u:\u00a0<\/strong>Li\u00ean h\u1ec7<\/p>\n<p><strong>Kh\u1ea3 n\u0103ng cung c\u1ea5p:\u00a0<\/strong>Li\u00ean h\u1ec7<\/p>\n<p><strong>Giao h\u00e0ng:\u00a0<\/strong>To\u00e0n qu\u1ed1c<\/p>\n<p><strong>Thanh to\u00e1n:\u00a0<\/strong>Linh ho\u1ea1t<\/p>\n<p><strong>T\u00f3m t\u1eaft:<\/strong>Th\u00e9p ch\u1ebf t\u1ea1o l\u00e0 nh\u00f3m v\u1eadt li\u1ec7u kh\u00f4ng th\u1ec3 thi\u1ebfu trong ng\u00e0nh c\u01a1 kh\u00ed, d\u00f9ng \u0111\u1ec3 s\u1ea3n xu\u1ea5t c\u00e1c chi ti\u1ebft m\u00e1y, linh ki\u1ec7n, tr\u1ee5c truy\u1ec1n \u0111\u1ed9ng, b\u00e1nh r\u0103ng, khu\u00f4n m\u1eabu v\u00e0 nhi\u1ec1u \u1ee9ng d\u1ee5ng c\u00f4ng nghi\u1ec7p quan tr\u1ecdng kh\u00e1c. V\u1edbi \u0111\u1eb7c t\u00ednh c\u01a1 l\u00fd v\u01b0\u1ee3t tr\u1ed9i, kh\u1ea3 n\u0103ng ch\u1ecbu l\u1ef1c, ch\u1ecbu m\u00e0i m\u00f2n v\u00e0 d\u1ec5 gia c\u00f4ng, th\u00e9p ch\u1ebf t\u1ea1o \u0111\u01b0\u1ee3c xem l\u00e0 &#8220;tr\u00e1i tim&#8221; c\u1ee7a ng\u00e0nh s\u1ea3n xu\u1ea5t c\u01a1 kh\u00ed hi\u1ec7n \u0111\u1ea1i.<\/p>\n","protected":false},"featured_media":3927,"comment_status":"open","ping_status":"closed","template":"","meta":{"inline_featured_image":false},"product_brand":[],"product_cat":[97],"product_tag":[],"class_list":{"0":"post-3946","1":"product","2":"type-product","3":"status-publish","4":"has-post-thumbnail","6":"product_cat-thep-che-tao","8":"first","9":"instock","10":"shipping-taxable","11":"product-type-simple"},"_links":{"self":[{"href":"https:\/\/thepnguyenphat.com\/index.php?rest_route=\/wp\/v2\/product\/3946","targetHints":{"allow":["GET"]}}],"collection":[{"href":"https:\/\/thepnguyenphat.com\/index.php?rest_route=\/wp\/v2\/product"}],"about":[{"href":"https:\/\/thepnguyenphat.com\/index.php?rest_route=\/wp\/v2\/types\/product"}],"replies":[{"embeddable":true,"href":"https:\/\/thepnguyenphat.com\/index.php?rest_route=%2Fwp%2Fv2%2Fcomments&post=3946"}],"wp:featuredmedia":[{"embeddable":true,"href":"https:\/\/thepnguyenphat.com\/index.php?rest_route=\/wp\/v2\/media\/3927"}],"wp:attachment":[{"href":"https:\/\/thepnguyenphat.com\/index.php?rest_route=%2Fwp%2Fv2%2Fmedia&parent=3946"}],"wp:term":[{"taxonomy":"product_brand","embeddable":true,"href":"https:\/\/thepnguyenphat.com\/index.php?rest_route=%2Fwp%2Fv2%2Fproduct_brand&post=3946"},{"taxonomy":"product_cat","embeddable":true,"href":"https:\/\/thepnguyenphat.com\/index.php?rest_route=%2Fwp%2Fv2%2Fproduct_cat&post=3946"},{"taxonomy":"product_tag","embeddable":true,"href":"https:\/\/thepnguyenphat.com\/index.php?rest_route=%2Fwp%2Fv2%2Fproduct_tag&post=3946"}],"curies":[{"name":"wp","href":"https:\/\/api.w.org\/{rel}","templated":true}]}}